{"id":597,"date":"2023-04-23T16:41:11","date_gmt":"2023-04-23T19:41:11","guid":{"rendered":"http:\/\/escritoras-em-portugues.provisorio.ws\/?page_id=597"},"modified":"2024-06-04T17:38:52","modified_gmt":"2024-06-04T17:38:52","slug":"leonor-de-mascarenhas","status":"publish","type":"page","link":"http:\/\/escritoras-em-portugues.com\/en\/xv\/leonor-de-mascarenhas\/","title":{"rendered":"Leonor de Mascarenhas"},"content":{"rendered":"<p><strong>NAME<\/strong>\u00a0Leonor de Mascarenhas, D.<\/p>\n<p><strong>Biographical Elements<\/strong><\/p>\n<p><strong>FATHER<\/strong>\u00a0Fern\u00e3o Martins Mascarenhas, D., Comendador-Mor da Ordem de Santiago<br \/>\n<strong>MOTHER<\/strong>\u00a0Isabel Correia<br \/>\n<strong>DATE OF BIRTH<\/strong>\u00a0 XV century<br \/>\n<strong>COUNTRY OF BIRTH<\/strong>\u00a0Portugal<br \/>\n<strong>PROFESSION \/ POSITION \/ FUNCTION<\/strong>\u00a0Casa da Rainha D. Leonor<br \/>\n<strong>DATE OF DEATH<\/strong>\u00a0c. 1492<\/p>\n<p><strong>MARITAL STATUS\u00a0<\/strong>Married<br \/>\n<strong>NUMBER OF CHILDREN<\/strong>\u00a02<br \/>\n<strong>CHILDREN<br \/>\n<\/strong>D. Joana de Meneses (casou com D. Diogo de Noronha, sobrinho d\u2019El-Rei)<br \/>\nD. Maria de Meneses (casou com D. Ant\u00e3o de Abranches, Capit\u00e3o de Lisboa)<\/p>\n<p><strong>LANGUAGES<\/strong>\u00a0Portugu\u00eas<\/p>\n<p><strong>WORKS<\/strong><\/p>\n<p><strong>PRINTED WORKS<\/strong><\/p>\n<blockquote><p>Mote \u201cO vida desesperada!\u201d<\/p>\n<p>in.: RESENDE, Garcia de, <em>Cancioneiro Geral de Garcia de Resende<\/em>, Lisboa, Hermam de Campos, 1516, (fl. 15, col. 4\u00aa)<\/p>\n<p>&nbsp;<\/p><\/blockquote>\n<p><strong>BIBLIOGRAPHY\u00a0<\/strong><\/p>\n<p>DIAS, Aida Fernanda, <em>Cancioneiro Geral de Garcia de Resende, <\/em>Lisboa, Imprensa Nacional \u2013 Casa da Moeda, 1993<\/p>\n<p>FRANCO, Marcia Arruda &#8220;D. Leonor de Mascarenhas, a marquesa de Peso ara Portuguesa&#8221; in.: Flora S\u00dcSSEKIND, T\u00e2nia DIAS, Carlito AZEVEDO (org.)\u00a0<em>Vozes Femininas. G\u00eanero, Media\u00e7\u00f5es e Pr\u00e1ticas de Escrita, <\/em>Rio de Janeiro, 7Letras- Casa Rui Barbosa, 2003, pp. 29-42<\/p>\n<p>FREIRE, Anselmo Braancamp Freire, \u201cGente do Cancioneiro\u201d <em>Revista Lusitana, <\/em>vol. X, 1907, p. 270.<\/p>\n<p>RESENDE, Garcia de, <em>Cancioneiro Geral de Garcia de Resende<\/em>, Lisboa, Hermam de Campos, 1516<\/p>\n<p>VASCONCELOS, Carolina Micha\u00eblis de,\u00a0<em>A Infanta D. Maria (1521-1575) e as suas<\/em> <em>Damas<\/em>, Porto, Typ. de Arthur J. de Souza &amp; Irm\u00e3o, 1902 (reed. <em>Fac similada<\/em>: Lisboa, Biblioteca Nacional, 1994)<\/p>","protected":false},"excerpt":{"rendered":"<p>NOME\u00a0Leonor de Mascarenhas, D. Elementos biogr\u00e1ficos PAI\u00a0Fern\u00e3o Martins Mascarenhas, D., Comendador-Mor da Ordem de Santiago M\u00c3E\u00a0Isabel Correia DATA DE NASCIMENTO\u00a0 S\u00e9culo XV PA\u00cdS ONDE NASCEU\u00a0Portugal PROFISS\u00c3O \/ CARGO \/ FUN\u00c7\u00c3O\u00a0Casa da Rainha D. Leonor DATA DA MORTE\u00a0c. 1492 ESTADO\u00a0Casada N\u00ba DE FILHOS\u00a02 FILHOS D. Joana de Meneses (casou com D. Diogo de Noronha, sobrinho d\u2019El-Rei) &#8230; <a title=\"Leonor de Mascarenhas\" class=\"read-more\" href=\"http:\/\/escritoras-em-portugues.com\/en\/xv\/leonor-de-mascarenhas\/\" aria-label=\"Read more about Leonor de Mascarenhas\">Read more<\/a><\/p>","protected":false},"author":2,"featured_media":0,"parent":43,"menu_order":0,"comment_status":"closed","ping_status":"closed","template":"","meta":{"cybocfi_hide_featured_image":"","footnotes":""},"class_list":["post-597","page","type-page","status-publish"],"_links":{"self":[{"href":"http:\/\/escritoras-em-portugues.com\/en\/wp-json\/wp\/v2\/pages\/597","targetHints":{"allow":["GET"]}}],"collection":[{"href":"http:\/\/escritoras-em-portugues.com\/en\/wp-json\/wp\/v2\/pages"}],"about":[{"href":"http:\/\/escritoras-em-portugues.com\/en\/wp-json\/wp\/v2\/types\/page"}],"author":[{"embeddable":true,"href":"http:\/\/escritoras-em-portugues.com\/en\/wp-json\/wp\/v2\/users\/2"}],"replies":[{"embeddable":true,"href":"http:\/\/escritoras-em-portugues.com\/en\/wp-json\/wp\/v2\/comments?post=597"}],"version-history":[{"count":6,"href":"http:\/\/escritoras-em-portugues.com\/en\/wp-json\/wp\/v2\/pages\/597\/revisions"}],"predecessor-version":[{"id":1733,"href":"http:\/\/escritoras-em-portugues.com\/en\/wp-json\/wp\/v2\/pages\/597\/revisions\/1733"}],"up":[{"embeddable":true,"href":"http:\/\/escritoras-em-portugues.com\/en\/wp-json\/wp\/v2\/pages\/43"}],"wp:attachment":[{"href":"http:\/\/escritoras-em-portugues.com\/en\/wp-json\/wp\/v2\/media?parent=597"}],"curies":[{"name":"wp","href":"https:\/\/api.w.org\/{rel}","templated":true}]}}