{"id":579,"date":"2023-04-23T16:29:13","date_gmt":"2023-04-23T19:29:13","guid":{"rendered":"http:\/\/escritoras-em-portugues.provisorio.ws\/?page_id=579"},"modified":"2024-06-04T16:53:35","modified_gmt":"2024-06-04T16:53:35","slug":"joana-de-sousa-dona","status":"publish","type":"page","link":"http:\/\/escritoras-em-portugues.com\/en\/xv\/joana-de-sousa-dona\/","title":{"rendered":"Joana de Sousa, Dona"},"content":{"rendered":"<p><strong>NAME<\/strong> Joana de Sousa, Dona<\/p>\n<p><strong>Dados biogr\u00e1ficos<\/strong><\/p>\n<p><strong>DATE OF BIRTH<\/strong> XV century<br \/>\n<strong>DATE OF DEATH<\/strong> XVI century<\/p>\n<p><strong>LANGUAGES<\/strong> Portugu\u00eas<\/p>\n<p><strong>WORKS<\/strong><\/p>\n<p><strong>PRINTED WORKS<\/strong><\/p>\n<pre>Destes fim al cora\u00e7on\r\nMas como son despendidos\r\nPor amaros y doleros,\r\naunque sean mal bividos,\r\nno los cuento por perdidos\r\npues e perden tras quereros.\r\nPerderlos \u00e9 qu\u2019es ganar\r\nOr vuestra gran perfecion\r\nA quen no puedo negar\r\nQue solo por vos amar\r\nDistes fin al cora\u00e7on.\r\nin.: <a href=\"http:\/\/purl.pt\/12096\/5\/\">RESENDE, Garcia de, <em>Cancioneiro Geral de Garcia de Resende, <\/em>Lisboa, por Herm\u00e3 de Campos, 1516, fl.<\/a><\/pre>\n<p><strong>BIBLIOGRAPHY <\/strong><\/p>\n<p>DIAS, Aida Fernanda, <em>Cancioneiro Geral de Garcia de Resende, <\/em>Lisboa, Imprensa Nacional \u2013 Casa da Moeda, 1993, vol. IV, p. 21.<\/p>\n<p><a href=\"http:\/\/purl.pt\/12096\/5\/\">RESENDE, Garcia de, <em>Cancioneiro Geral de Garcia de Resende, <\/em>Lisboa, por Herm\u00e3 de Campos, 1516, fl.<\/a><\/p>\n<p>SAMARTIN, Roberto Lopez-Iglesias, <em>A dona do tempo antigo. Mulher e campo liter\u00e1rio no Renascimento portugu\u00eas (1495-1557), <\/em>Santiago de Compostela, Edicions Laiovento, 2003.<\/p>","protected":false},"excerpt":{"rendered":"<p>NOME Joana de Sousa, Dona Dados biogr\u00e1ficos DATA DE NASCIMENTO S\u00e9culo XV DATA DA MORTE S\u00e9culo XVI IDIOMAS Portugu\u00eas Obra OBRAS IMPRESSAS Destes fim al cora\u00e7on Mas como son despendidos Por amaros y doleros, aunque sean mal bividos, no los cuento por perdidos pues e perden tras quereros. Perderlos \u00e9 qu\u2019es ganar Or vuestra gran &#8230; <a title=\"Joana de Sousa, Dona\" class=\"read-more\" href=\"http:\/\/escritoras-em-portugues.com\/en\/xv\/joana-de-sousa-dona\/\" aria-label=\"Read more about Joana de Sousa, Dona\">Read more<\/a><\/p>","protected":false},"author":2,"featured_media":0,"parent":43,"menu_order":0,"comment_status":"closed","ping_status":"closed","template":"","meta":{"cybocfi_hide_featured_image":"","footnotes":""},"class_list":["post-579","page","type-page","status-publish"],"_links":{"self":[{"href":"http:\/\/escritoras-em-portugues.com\/en\/wp-json\/wp\/v2\/pages\/579","targetHints":{"allow":["GET"]}}],"collection":[{"href":"http:\/\/escritoras-em-portugues.com\/en\/wp-json\/wp\/v2\/pages"}],"about":[{"href":"http:\/\/escritoras-em-portugues.com\/en\/wp-json\/wp\/v2\/types\/page"}],"author":[{"embeddable":true,"href":"http:\/\/escritoras-em-portugues.com\/en\/wp-json\/wp\/v2\/users\/2"}],"replies":[{"embeddable":true,"href":"http:\/\/escritoras-em-portugues.com\/en\/wp-json\/wp\/v2\/comments?post=579"}],"version-history":[{"count":1,"href":"http:\/\/escritoras-em-portugues.com\/en\/wp-json\/wp\/v2\/pages\/579\/revisions"}],"predecessor-version":[{"id":1726,"href":"http:\/\/escritoras-em-portugues.com\/en\/wp-json\/wp\/v2\/pages\/579\/revisions\/1726"}],"up":[{"embeddable":true,"href":"http:\/\/escritoras-em-portugues.com\/en\/wp-json\/wp\/v2\/pages\/43"}],"wp:attachment":[{"href":"http:\/\/escritoras-em-portugues.com\/en\/wp-json\/wp\/v2\/media?parent=579"}],"curies":[{"name":"wp","href":"https:\/\/api.w.org\/{rel}","templated":true}]}}