{"id":462,"date":"2023-04-23T13:46:06","date_gmt":"2023-04-23T16:46:06","guid":{"rendered":"http:\/\/escritoras-em-portugues.provisorio.ws\/?page_id=462"},"modified":"2025-03-22T23:58:00","modified_gmt":"2025-03-22T23:58:00","slug":"pesquisadores","status":"publish","type":"page","link":"http:\/\/escritoras-em-portugues.com\/en\/pesquisadores\/","title":{"rendered":"Researchers"},"content":{"rendered":"<p>The data recovery work on Portuguese Women Writers who lived between 1500 and 1900 presented on this website is the result of the efforts of several researchers who integrated the research group over time and of people who contributed with information to enrich it:<\/p>\r\n\r\n\r\n\r\n<p>Researchers<\/p>\r\n\r\n\r\n\r\n<ul class=\"wp-block-list\">\r\n<li>Ana Maria Sanchez Tarr\u00edo<\/li>\r\n<li>Andreia Castro<\/li>\r\n\r\n\r\n\r\n<li>In\u00eas de Ornellas e Castro<\/li>\r\n\r\n\r\n\r\n<li>Isabel Moruj\u00e3o<\/li>\r\n\r\n\r\n\r\n<li>Jos\u00e9 F\u00e9lix Duque<\/li>\r\n\r\n\r\n\r\n<li>L\u00edgia Cabrita<\/li>\r\n\r\n\r\n\r\n<li>Lu\u00edsa Resende<\/li>\r\n\r\n\r\n\r\n<li>Pedro Sena Lino<\/li>\r\n\r\n\r\n\r\n<li>Pedro Urbano<\/li>\r\n\r\n\r\n\r\n<li>Sara Ludovico<\/li>\r\n\r\n\r\n\r\n<li>Teresa Sousa de Almeida<\/li>\r\n\r\n\r\n\r\n<li>Vanda Anast\u00e1cio<\/li>\r\n<\/ul>\r\n\r\n\r\n\r\n<p>Contributions:<\/p>\r\n\r\n\r\n\r\n<ul class=\"wp-block-list\">\r\n<li>Fabio Mario Silva<\/li>\r\n\r\n\r\n\r\n<li>Maria Eunice Moreira<\/li>\r\n\r\n\r\n\r\n\r\n\r\n<li>Eduardo da Cruz<\/li>\r\n\r\n\r\n\r\n<li>Ana Cristina Comandulli<\/li>\r\n\r\n\r\n\r\n<li>Elisabeth Martini<\/li>\r\n\r\n\r\n\r\n<li>Valerie Hegstrom<\/li>\r\n<li>Monica Ganh\u00e3o<\/li>\r\n<\/ul>\r\n\r\n\r\n\r\n<p>The information presented on this page is updated regularly.<\/p>\r\n\r\n\r\n\r\n<p>Although data on Portuguese women writers active before the 19th century is scarce, there is still data to recover and sources to explore.<\/p>\r\n\r\n\r\n\r\n<p>Furthermore, as more researchers become interested in the subject, the available bibliography expands.<\/p>\r\n\r\n\r\n\r\n<p>If you wish to contribute biographical or bibliographic data to this page, please send them (with reference to the source consulted) to pwwadministrator@gmail.com<\/p>\r\n\r\n\r\n\r\n<p>We will integrate the information provided and give you due credit on the website in the \u201cContributors\u201d list.<\/p>\r\n\r\n\r\n\r\n<p>All contributions are welcome!<\/p>","protected":false},"excerpt":{"rendered":"<p>O trabalho de recupera\u00e7\u00e3o de dados sobre Escritoras Portuguesas que viveram entre 1500 e 1900 apresentado nesta p\u00e1gina web \u00e9 o resultado do esfor\u00e7o de v\u00e1rios investigadores que integraram o grupo de pesquisa ao longo do tempo e de pessoas que contribu\u00edram com informa\u00e7\u00e3o para enriquec\u00ea-lo: Pesquisadores: Contribui\u00e7\u00f5es: A informa\u00e7\u00e3o apresentada nesta p\u00e1gina \u00e9 actualizada &#8230; <a title=\"Researchers\" class=\"read-more\" href=\"http:\/\/escritoras-em-portugues.com\/en\/pesquisadores\/\" aria-label=\"Read more about Pesquisadores\">Read more<\/a><\/p>","protected":false},"author":2,"featured_media":0,"parent":0,"menu_order":0,"comment_status":"closed","ping_status":"closed","template":"","meta":{"cybocfi_hide_featured_image":"","footnotes":""},"class_list":["post-462","page","type-page","status-publish"],"_links":{"self":[{"href":"http:\/\/escritoras-em-portugues.com\/en\/wp-json\/wp\/v2\/pages\/462","targetHints":{"allow":["GET"]}}],"collection":[{"href":"http:\/\/escritoras-em-portugues.com\/en\/wp-json\/wp\/v2\/pages"}],"about":[{"href":"http:\/\/escritoras-em-portugues.com\/en\/wp-json\/wp\/v2\/types\/page"}],"author":[{"embeddable":true,"href":"http:\/\/escritoras-em-portugues.com\/en\/wp-json\/wp\/v2\/users\/2"}],"replies":[{"embeddable":true,"href":"http:\/\/escritoras-em-portugues.com\/en\/wp-json\/wp\/v2\/comments?post=462"}],"version-history":[{"count":4,"href":"http:\/\/escritoras-em-portugues.com\/en\/wp-json\/wp\/v2\/pages\/462\/revisions"}],"predecessor-version":[{"id":2027,"href":"http:\/\/escritoras-em-portugues.com\/en\/wp-json\/wp\/v2\/pages\/462\/revisions\/2027"}],"wp:attachment":[{"href":"http:\/\/escritoras-em-portugues.com\/en\/wp-json\/wp\/v2\/media?parent=462"}],"curies":[{"name":"wp","href":"https:\/\/api.w.org\/{rel}","templated":true}]}}