{"id":450,"date":"2023-04-23T13:38:33","date_gmt":"2023-04-23T16:38:33","guid":{"rendered":"http:\/\/escritoras-em-portugues.provisorio.ws\/?page_id=450"},"modified":"2024-06-04T16:45:40","modified_gmt":"2024-06-04T16:45:40","slug":"isabel-da-silva","status":"publish","type":"page","link":"http:\/\/escritoras-em-portugues.com\/en\/xv\/isabel-da-silva\/","title":{"rendered":"Isabel da Silva"},"content":{"rendered":"<p><strong>NAME<\/strong> Isabel da Silva, D.<\/p>\n<p><strong>Dados biogr\u00e1ficos<\/strong><\/p>\n<p><strong>DATE OF BIRTH<\/strong> XV century<br \/>\n<strong>INSTITUTIONS<\/strong>\u00a0 Corte de D. Afonso V<br \/>\n<strong>PROFESSION \/ POSITION \/ FUNCTION<\/strong> Donzela da Senhora D. Filipa d\u2019Almada<br \/>\n<strong>DATE OF DEATH<\/strong> XVI century<\/p>\n<p><strong>LANGUAGES<\/strong> Portugu\u00eas<\/p>\n<p><strong>WORKS<\/strong><\/p>\n<p><strong>PRINTED WORKS<\/strong><\/p>\n<pre>Que v\u00f3s j\u00e1 tenhais um eele,\r\nQue cinquenta se monta,\r\nVeador n\u00e3o fa\u00e7ais conta\r\nDe fazer pregas na pele.\r\nServi bem vosso senhor,\r\nQue sejais o derradeiro,\r\nPodeis ficar veador\r\nCom\u2019estrigua de \u00e7en\u00e7eiro.\r\n\r\nIn.: <a href=\"http:\/\/purl.pt\/12096\/5\/\">RESENDE, Garcia de, <em>Cancioneiro Geral de Garcia de Resende, <\/em>Lisboa, por Herm\u00e3 de Campos, 1516 , fl.\r\n<\/a><\/pre>\n<p><strong>BIBLIOGRAPHY <\/strong><\/p>\n<p>DIAS, Aida Fernanda, <em>Cancioneiro Geral de Garcia de Resende, <\/em>Lisboa, Imprensa Nacional \u2013 Casa da Moeda, 1993, vol. III, 600, p. 277.<\/p>\n<p>DIAS, Aida Fernanda \u201cAs mulheres nas letras portuguesas medievais\u201d <em>Santa Barbara Portuguese Studies, First series, <\/em>volume III, 1996, p. 12.<\/p>\n<p><a href=\"http:\/\/purl.pt\/12096\/5\/\">RESENDE, Garcia de, <em>Cancioneiro Geral de Garcia de Resende, <\/em>Lisboa, por Herm\u00e3 de Campos, 1516 , fl.<\/a><\/p>\n<p>SAMARTIN, Roberto Lopez-Iglesias, <em>A dona do tempo antigo. Mulher e campo liter\u00e1rio no Renascimento portugu\u00eas (1495-1557), <\/em>Santiago de Compostela, Edicions Laiovento, 2003.<\/p>\n<p>S\u00c1NCHEZ TARR\u00cdO, Ana Maria \u201c<em>\u0168 amor demasiado. \u00a0<\/em>Sobre a carta de amor em verso\u2019 in Jos\u00e9 Lu\u00eds Rodr\u00edguez (ed.), <em>In honorem Ricardo Carbalho Calero<\/em>, Santiago de Compostela, Parlamento de Galicia, Universidade de Santiago, 2000, volume II, pp. 663-676.<\/p>","protected":false},"excerpt":{"rendered":"<p>NOME Isabel da Silva, D. Dados biogr\u00e1ficos DATA DE NASCIMENTO S\u00e9culo XV INSTITUI\u00c7\u00d5ES QUE FREQUENTOU\u00a0 Corte de D. Afonso V PROFISS\u00c3O \/ CARGO \/ FUN\u00c7\u00c3O Donzela da Senhora D. Filipa d\u2019Almada DATA DA MORTE S\u00e9culo XVI IDIOMAS Portugu\u00eas Obra OBRAS IMPRESSAS Que v\u00f3s j\u00e1 tenhais um eele, Que cinquenta se monta, Veador n\u00e3o fa\u00e7ais conta &#8230; <a title=\"Isabel da Silva\" class=\"read-more\" href=\"http:\/\/escritoras-em-portugues.com\/en\/xv\/isabel-da-silva\/\" aria-label=\"Read more about Isabel da Silva\">Read more<\/a><\/p>","protected":false},"author":2,"featured_media":0,"parent":43,"menu_order":0,"comment_status":"closed","ping_status":"closed","template":"","meta":{"cybocfi_hide_featured_image":"","footnotes":""},"class_list":["post-450","page","type-page","status-publish"],"_links":{"self":[{"href":"http:\/\/escritoras-em-portugues.com\/en\/wp-json\/wp\/v2\/pages\/450","targetHints":{"allow":["GET"]}}],"collection":[{"href":"http:\/\/escritoras-em-portugues.com\/en\/wp-json\/wp\/v2\/pages"}],"about":[{"href":"http:\/\/escritoras-em-portugues.com\/en\/wp-json\/wp\/v2\/types\/page"}],"author":[{"embeddable":true,"href":"http:\/\/escritoras-em-portugues.com\/en\/wp-json\/wp\/v2\/users\/2"}],"replies":[{"embeddable":true,"href":"http:\/\/escritoras-em-portugues.com\/en\/wp-json\/wp\/v2\/comments?post=450"}],"version-history":[{"count":1,"href":"http:\/\/escritoras-em-portugues.com\/en\/wp-json\/wp\/v2\/pages\/450\/revisions"}],"predecessor-version":[{"id":1720,"href":"http:\/\/escritoras-em-portugues.com\/en\/wp-json\/wp\/v2\/pages\/450\/revisions\/1720"}],"up":[{"embeddable":true,"href":"http:\/\/escritoras-em-portugues.com\/en\/wp-json\/wp\/v2\/pages\/43"}],"wp:attachment":[{"href":"http:\/\/escritoras-em-portugues.com\/en\/wp-json\/wp\/v2\/media?parent=450"}],"curies":[{"name":"wp","href":"https:\/\/api.w.org\/{rel}","templated":true}]}}