{"id":432,"date":"2023-04-23T13:33:12","date_gmt":"2023-04-23T16:33:12","guid":{"rendered":"http:\/\/escritoras-em-portugues.provisorio.ws\/?page_id=432"},"modified":"2024-01-22T09:08:35","modified_gmt":"2024-01-22T09:08:35","slug":"guiomar-de-castro","status":"publish","type":"page","link":"http:\/\/escritoras-em-portugues.com\/en\/xv\/guiomar-de-castro\/","title":{"rendered":"Guiomar de Castro"},"content":{"rendered":"<p><strong>NOME<\/strong>\u00a0 Guiomar de Castro<\/p>\n<p><strong>Dados biogr\u00e1ficos<\/strong><\/p>\n<p><strong>DATA DE NASCIMENTO<\/strong> S\u00e9culo XV<\/p>\n<p><strong>DATA DA MORTE<\/strong> S\u00e9culo XV<\/p>\n<p><strong>IDIOMAS<\/strong> Portugu\u00eas<\/p>\n<p><strong>Obra<\/strong><\/p>\n<p><strong>OBRAS IMPRESSAS<\/strong><\/p>\n<pre>Quem ousa de me servir\r\nEm gr\u00e3o perigo se mete,\r\nHaa mil despre\u00e7os d\u2019ouvir\r\nE tanto mal de sentir\r\nCom que lhe sue o topete!\r\nMas que devais recear\r\nA perigosa donzela,\r\nMui mais \u00e9 pera folgar\r\nPerder por ela.\r\n\r\n<a href=\"http:\/\/purl.pt\/12096\/5\/\">in.: RESENDE, Garcia de, <em>Cancioneiro Geral de Garcia de Resende, <\/em>Lisboa, por Herm\u00e3 de Campos, 1516, fl.<\/a>\r\n<\/pre>\n<p><strong>BIBLIOGRAFIA <\/strong><\/p>\n<p>DIAS, Aida Fernanda, <em>Cancioneiro Geral de Garcia de Resende, <\/em>Lisboa, Imprensa Nacional \u2013 Casa da Moeda, 1993, vol.<\/p>\n<p>FREIRE, Anselmo Braancamp, \u201cRaparigas do Cancioneiro\u201d <em>Cr\u00edtica e Hist\u00f3ria. Estudos, <\/em>Lisboa, Funda\u00e7\u00e3o Calouste Gulbenkian, 1996, p. 23.\u00a0 [1\u00aa edi\u00e7\u00e3o: <em>Indices do Cancioneiro de Resende e das Obras de Gil Vicente,<\/em> Lisboa, 1900 (edi\u00e7\u00e3o de 20 exemplares para oferta)]<\/p>\n<p>GOMEZ-BRAVO, Ana M. \u201cA huma Senhora que lhe disse\u201d: sobre la Pr\u00e1ctica Social de la Autor\u00eda y la noci\u00f3n de Texto em el Cancioneiro Geral de Resende y la l\u00edrica cancioneril ib\u00e9rica\u201d <em>La Coronica, <\/em>32. 1, (Fall 2003), pp. 43-64.<\/p>\n<p>RESENDE, Garcia de, <em>Cancioneiro Geral de Garcia de Resende, <\/em>Lisboa, por Herm\u00e3 de Campos, 1516, fl.<br \/>\n<a href=\"http:\/\/purl.pt\/12096\/5\/\">http:\/\/purl.pt\/12096\/5\/<\/a><\/p>\n<p>SAMARTIN, Roberto Lopez-Iglesias, <em>A dona do tempo antigo. Mulher e campo liter\u00e1rio no Renascimento portugu\u00eas (1495-1557), <\/em>Santiago de Compostela, Edicions Laiovento, 2003.<\/p>\n","protected":false},"excerpt":{"rendered":"<p>NOME\u00a0 Guiomar de Castro Dados biogr\u00e1ficos DATA DE NASCIMENTO S\u00e9culo XV DATA DA MORTE S\u00e9culo XV IDIOMAS Portugu\u00eas Obra OBRAS IMPRESSAS Quem ousa de me servir Em gr\u00e3o perigo se mete, Haa mil despre\u00e7os d\u2019ouvir E tanto mal de sentir Com que lhe sue o topete! Mas que devais recear A perigosa donzela, Mui mais &#8230; <a title=\"Guiomar de Castro\" class=\"read-more\" href=\"http:\/\/escritoras-em-portugues.com\/en\/xv\/guiomar-de-castro\/\" aria-label=\"Read more about Guiomar de Castro\">Read more<\/a><\/p>","protected":false},"author":2,"featured_media":0,"parent":43,"menu_order":0,"comment_status":"closed","ping_status":"closed","template":"","meta":{"cybocfi_hide_featured_image":"","footnotes":""},"class_list":["post-432","page","type-page","status-publish"],"_links":{"self":[{"href":"http:\/\/escritoras-em-portugues.com\/en\/wp-json\/wp\/v2\/pages\/432","targetHints":{"allow":["GET"]}}],"collection":[{"href":"http:\/\/escritoras-em-portugues.com\/en\/wp-json\/wp\/v2\/pages"}],"about":[{"href":"http:\/\/escritoras-em-portugues.com\/en\/wp-json\/wp\/v2\/types\/page"}],"author":[{"embeddable":true,"href":"http:\/\/escritoras-em-portugues.com\/en\/wp-json\/wp\/v2\/users\/2"}],"replies":[{"embeddable":true,"href":"http:\/\/escritoras-em-portugues.com\/en\/wp-json\/wp\/v2\/comments?post=432"}],"version-history":[{"count":2,"href":"http:\/\/escritoras-em-portugues.com\/en\/wp-json\/wp\/v2\/pages\/432\/revisions"}],"predecessor-version":[{"id":1424,"href":"http:\/\/escritoras-em-portugues.com\/en\/wp-json\/wp\/v2\/pages\/432\/revisions\/1424"}],"up":[{"embeddable":true,"href":"http:\/\/escritoras-em-portugues.com\/en\/wp-json\/wp\/v2\/pages\/43"}],"wp:attachment":[{"href":"http:\/\/escritoras-em-portugues.com\/en\/wp-json\/wp\/v2\/media?parent=432"}],"curies":[{"name":"wp","href":"https:\/\/api.w.org\/{rel}","templated":true}]}}