{"id":428,"date":"2023-04-23T13:32:09","date_gmt":"2023-04-23T16:32:09","guid":{"rendered":"http:\/\/escritoras-em-portugues.provisorio.ws\/?page_id=428"},"modified":"2024-06-04T16:19:00","modified_gmt":"2024-06-04T16:19:00","slug":"filipa-dalmada-senhora-dona-senhora-de-almada","status":"publish","type":"page","link":"http:\/\/escritoras-em-portugues.com\/en\/xv\/filipa-dalmada-senhora-dona-senhora-de-almada\/","title":{"rendered":"Filipa d\u2019Almada, Senhora Dona, Senhora de Almada"},"content":{"rendered":"<p><strong>NAME <\/strong>Filipa, Senhora Dona, 1\u00aa Senhora de Almada<\/p>\n<p><strong>Dados biogr\u00e1ficos<\/strong><\/p>\n<p><strong>FATHER <\/strong>Infante Dom Jo\u00e3o (filho de D. Jo\u00e3o I, Condest\u00e1vel de Portugal e Mestre da Ordem de Santiago)<br \/>\n<strong>MOTHER <\/strong>Infanta D. Isabel<br \/>\n<strong>DATE OF BIRTH<\/strong> c. 1440<br \/>\n<strong>PROFESSION \/ POSITION \/ FUNCTION<\/strong> Dama da Corte de D. Manuel<br \/>\n<strong>DATE OF DEATH<\/strong> 1496<\/p>\n<p><strong>MARITAL STATUS <\/strong>Solteira<\/p>\n<p><strong>WORKS<\/strong><\/p>\n<p><strong>PRINTED WORKS<\/strong><\/p>\n<pre><em>Reposta da Senhora dona Felipa\r\n\r\n<\/em>Fermosa dama sservyr\r\nRreceo deve fazer, \r\nMas mays sse deve sentyr \r\nPor ela sse nam perder \r\nNem sse me pode neguar \r\nEm Portugal, &amp; Castela \r\nQue perder he moor folguar \r\nPor tal donzela. \r\n\r\n<a href=\"http:\/\/purl.pt\/12096\/5\/\">RESENDE, Garcia de, <em>\u201c<\/em>Fermosa dama sservyr\u201d in.: <em>Cancioneiro Geral de Garcia de Resende,<\/em> Lisboa, por Herman de Campos, 1516, fl.<\/a> \r\n<\/pre>\n<p><strong>BIBLIOGRAPHY <\/strong><\/p>\n<p>GAYO, Felgueiras, <em>Nobili\u00e1rio das Fam\u00edlias Portuguesas,<\/em> 2\u00aa edi\u00e7\u00e3o, Braga, Carvalhos de Basto, 1989.<\/p>\n<p>GOMEZ-BRAVO, Ana M. \u201cA huma Senhora que lhe disse\u201d: sobre la Pr\u00e1ctica Social de la Autor\u00eda y la noci\u00f3n de Texto em el Cancioneiro Geral de Resende y la l\u00edrica cancioneril ib\u00e9rica\u201d <em>La Coronica, <\/em>32. 1, (Fall 2003), pp. 43-64.<\/p>\n<p>MORENO, Humberto Baquero, <em>A Batalha de Alfarrobeira. Antecedentes e Significado Hist\u00f3rico, <\/em>Coimbra, Biblioteca Geral da Universidade, 1980.<\/p>\n<p><a href=\"http:\/\/purl.pt\/12096\/5\/\">RESENDE, Garcia de, <em>Cancioneiro Geral de Garcia de Resende,<\/em> Lisboa, por Herman de Campos, 1516, fl.<\/a><\/p>\n<p>SAMARTIN, Roberto Lopez-Iglesias, <em>A dona do tempo antigo. Mulher e campo liter\u00e1rio no Renascimento portugu\u00eas (1495-1557), <\/em>Santiago de Compostela, Edicions Laiovento, 2003.<\/p>\n<p>S\u00c1NCHEZ TARR\u00cdO, Ana Maria \u201c<em>\u0168 amor demasiado.\u00a0 <\/em>Sobre a carta de amor em verso\u2019 in Jos\u00e9 Lu\u00eds Rodr\u00edguez (ed.), <em>In honorem Ricardo Carbalho Calero<\/em>, Santiago de Compostela, Parlamento de Galicia, Universidade de Santiago, 2000, volume II, pp. 663-676.<\/p>\n<p>SOUSA, Ant\u00f3nio Caetano de, <em>Provas da Hist\u00f3ria Geneal\u00f3gica da Casa Real Portuguesa,\u00a0 <\/em>Tomo II, 1\u00aa parte, 1947, p. 32.<\/p>\n<p><strong>COMMENTS<\/strong><\/p>\n<p>Data da morte deduzida a partir da documenta\u00e7\u00e3o (ANTT Chanc. D. Manuel I, Liv. 34, f. 76)<\/p>","protected":false},"excerpt":{"rendered":"<p>NOME Filipa, Senhora Dona, 1\u00aa Senhora de Almada Dados biogr\u00e1ficos PAI Infante Dom Jo\u00e3o (filho de D. Jo\u00e3o I, Condest\u00e1vel de Portugal e Mestre da Ordem de Santiago) M\u00c3E Infanta D. Isabel DATA DE NASCIMENTO c. 1440 PROFISS\u00c3O \/ CARGO \/ FUN\u00c7\u00c3O Dama da Corte de D. Manuel DATA DA MORTE 1496 ESTADO Solteira Obra &#8230; <a title=\"Filipa d\u2019Almada, Senhora Dona, Senhora de Almada\" class=\"read-more\" href=\"http:\/\/escritoras-em-portugues.com\/en\/xv\/filipa-dalmada-senhora-dona-senhora-de-almada\/\" aria-label=\"Read more about Filipa d\u2019Almada, Senhora Dona, Senhora de Almada\">Read more<\/a><\/p>","protected":false},"author":2,"featured_media":0,"parent":43,"menu_order":0,"comment_status":"closed","ping_status":"closed","template":"","meta":{"cybocfi_hide_featured_image":"","footnotes":""},"class_list":["post-428","page","type-page","status-publish"],"_links":{"self":[{"href":"http:\/\/escritoras-em-portugues.com\/en\/wp-json\/wp\/v2\/pages\/428","targetHints":{"allow":["GET"]}}],"collection":[{"href":"http:\/\/escritoras-em-portugues.com\/en\/wp-json\/wp\/v2\/pages"}],"about":[{"href":"http:\/\/escritoras-em-portugues.com\/en\/wp-json\/wp\/v2\/types\/page"}],"author":[{"embeddable":true,"href":"http:\/\/escritoras-em-portugues.com\/en\/wp-json\/wp\/v2\/users\/2"}],"replies":[{"embeddable":true,"href":"http:\/\/escritoras-em-portugues.com\/en\/wp-json\/wp\/v2\/comments?post=428"}],"version-history":[{"count":1,"href":"http:\/\/escritoras-em-portugues.com\/en\/wp-json\/wp\/v2\/pages\/428\/revisions"}],"predecessor-version":[{"id":1714,"href":"http:\/\/escritoras-em-portugues.com\/en\/wp-json\/wp\/v2\/pages\/428\/revisions\/1714"}],"up":[{"embeddable":true,"href":"http:\/\/escritoras-em-portugues.com\/en\/wp-json\/wp\/v2\/pages\/43"}],"wp:attachment":[{"href":"http:\/\/escritoras-em-portugues.com\/en\/wp-json\/wp\/v2\/media?parent=428"}],"curies":[{"name":"wp","href":"https:\/\/api.w.org\/{rel}","templated":true}]}}