{"id":424,"date":"2023-04-23T13:29:46","date_gmt":"2023-04-23T16:29:46","guid":{"rendered":"http:\/\/escritoras-em-portugues.provisorio.ws\/?page_id=424"},"modified":"2024-06-04T16:23:54","modified_gmt":"2024-06-04T16:23:54","slug":"filipa-senhora-dona","status":"publish","type":"page","link":"http:\/\/escritoras-em-portugues.com\/en\/xv\/filipa-senhora-dona\/","title":{"rendered":"Filipa, Senhora Dona"},"content":{"rendered":"<p><strong>NOME<\/strong> Filipa, Senhora Dona<br \/>\n<strong>NOME (<\/strong><strong>OUTRAS FORMAS)<\/strong> Filipa de Lancastre<\/p>\n<p><strong>Dados biogr\u00e1ficos<\/strong><\/p>\n<p><strong>PAI<\/strong> \u00a0D. Pedro, Duque de Coimbra<br \/>\n<strong>M\u00c3E<\/strong> \u00a0Isabel de Arag\u00e3o, condessa de Urgel (filha de D. Jaime II Conde de Urgel)<br \/>\n<strong>LOCAL DE NASCIMENTO<\/strong> Coimbra<br \/>\n<strong>DATA DE NASCIMENTO<\/strong> 1 de Junho de 1435 (Inocencio) ou 1437 (Fr. Francisco Brand\u00e3o)<br \/>\n<strong>LOCAL DA MORTE<\/strong> Convento de Odivelas<br \/>\n<strong>PA\u00cdS ONDE NASCEU<\/strong> Portugal<br \/>\n<strong>DATA DA MORTE<\/strong> 25 de Julho de 1493 ou 1497 (Innocencio F. da Silva) ou 11 de Fevereiro (Fr. Francisco Brand\u00e3o; Jorge Cardoso) de 1493<\/p>\n<p><strong>ESTADO <\/strong>Freira<br \/>\n<strong>CONVENTO<\/strong> S\u00e3o Denis de Odivelas<br \/>\n<strong>ORDEM RELIGIOSA A QUE PERTENCEU<\/strong> Cister<\/p>\n<p><strong>IDIOMAS<\/strong>\u00a0Portugu\u00eas, Latim, Franc\u00eas<\/p>\n<p><strong>Obra<\/strong><\/p>\n<p><strong>OBRAS MANUSCRITAS<br \/>\n<\/strong><\/p>\n<blockquote><p><em>Conselho sobre as Ter\u00e7<\/em><em>arias, e guerras de Castela<\/em><\/p>\n<p><em>D<\/em><em>edicato\u0301ria do livro dos Evangelhos<\/em> (Biblioteca Geral da Universidade de Coimbra com a cota RB\u201033\u201024)<\/p><\/blockquote>\n<p><strong>OBRAS IMPRESSAS<\/strong><\/p>\n<blockquote><p><a href=\"http:\/\/purl.pt\/14181\/3\/#\/6\"><em>Conselho e Voto da Senhora D. Felippa filha do Infante D. Pedro sobre as Ter\u00e7arias e Guerras de Castela, com huma breve noticia desta Princesa, <\/em>Lisboa, Louren\u00e7o de Anveres, 1643<\/a><\/p>\n<p>\u201cA Jesus\u201d <em>Nove Medita\u00e7\u00f5es da Paix\u00e3o <\/em>Guilherme de Faria, <em>Antologia de poesias religiosas, <\/em>Edi\u00e7\u00f5es Gama, 1947, p. 29<\/p>\n<p><em>Ho liuro da regra &amp; perfey\u00e7\u00e3o da c\u00f5uersa\u00e7\u00e3 dos monges&#8230; por Louren\u00e7o Justiniano Primeyro Patriarcha de Veneza<\/em><\/p>\n<p><em>Tratado da vida solit\u00e1ria composto por S. Louren\u00e7o Justiniano <\/em>(tradu\u00e7\u00e3o do latim)<\/p><\/blockquote>\n<p><strong>OBRAS DESAPARECIDAS<\/strong><\/p>\n<blockquote><p><em>Nove Esta\u00e7\u00f5es ou Medita\u00e7\u00f5es da Paix\u00e3o mui devotas para os que visitam as Igrejas Quinta-feira de Endoen\u00e7as<\/em>\u00a0 [impresso no per\u00edodo da reg\u00eancia de D. Catarina de \u00c1ustria]<\/p>\n<p><em>\u00a0<\/em><em>Evangelhos e Homilias de todo o ano<\/em> [tradu\u00e7\u00e3o do franc\u00eas]<\/p>\n<p><em>\u00a0<\/em><em>Pr\u00e1tica feita ao Senado de Lisboa em Tempo que Receava algum Tumulto<\/em><\/p>\n<p><em>\u00a0<\/em><em>Evangelhos e Homilias de Todo o Ano <\/em>(ilustrada pela pr\u00f3pria) [<em>apud<\/em> FARINHA conservava-se em Odivelas]<\/p><\/blockquote>\n<p>&nbsp;<\/p>\n<p><strong>BIBLIOGRAFIA <\/strong><\/p>\n<p><a href=\"https:\/\/purl.pt\/14181\">BRAND\u00c3O, Frei Francisco \u201cNot\u00edcia sobre a Infanta\u201d <em>Conselho e Voto sobre as Ter\u00e7arias e Guerras de Castella<\/em>, Lisboa, na Off. De Louren\u00e7o de Anveres, 1643<\/a>.<\/p>\n<p>BISPO-CONDE, Francisco, D., <em>Lista de alguns artistas portugueses: colligida de escriptos e documentos<\/em>. Lisboa, Imprensa Nacional, 1839, p. 36<\/p>\n<p>DIAS Ainda Fernanda \u201cAs mulheres nas letras portuguesas medievais\u201d <em>Santa Barbara Portuguese Studies, First series, <\/em>volume III, 1996, p. 7.<\/p>\n<p>FARIA, Am\u00e9rico, <em>Portuguesas na Hist\u00f3ria,<\/em> Lisboa: Organiza\u00e7\u00f5es, 1964, pp. 37-45.<\/p>\n<p><a href=\"http:\/\/www.geneall.net\/P\/per_page.php?id=354667\">http:\/\/www.geneall.net\/P\/per_page.php?id=354667<\/a><\/p>\n<p>FARINHA, Bento Jos\u00e9 de Sousa, <em>Summario de Bibliotheca Lusitana<\/em>, Lisboa, na Officina de Antonio Gomes, 1786, tomo II, p. 31.<\/p>\n<p><a href=\"https:\/\/proa.ua.pt\/index.php\/agora\/article\/view\/8115\">FRADE, Mafalda,\u201dContributo para a hist\u00f3ria da tradu\u00e7\u00e3o em Portugal: as primeiras tradutoras conhecidas\u201d\u00a0<em>\u00c1gora. Estudos Cl\u00e1ssicos em Debate<\/em>, n\u00ba 18, 2016, pp. 141-155.<\/a><\/p>\n<p>FREIRE, Anselmo Braancamp, \u201cRaparigas do Cancioneiro\u201d <em>Cr\u00edtica e Hist\u00f3ria. Estudos<\/em>, [reed. Fac-similada] Lisboa, Funda\u00e7\u00e3o Calouste Gulbenkian, 1996.<\/p>\n<p>LEITE, Bertha, \u201cInfanta D. Felipa\u201d, <em>A Mulher na Hist\u00f3ria de Portugal, <\/em>s.l. s.d. 1940, pp. 151-158<\/p>\n<p>MACHADO, Diogo\u00a0 Barbosa, <em>Bibliotheca Luzitana: hist\u00f3rica, cr\u00edtica e cronologica. <\/em>Lisboa Occidental, na Officina de Antonio Isidoro da Fonseca, 1741-1759, volume II, pp. 65-66.<\/p>\n<p><strong>\u00a0<\/strong>SAMARTIN, Roberto Lopez-Iglesias, <em>A dona do tempo antigo. Mulher e campo liter\u00e1rio no Renascimento portugu\u00eas (1495-1557), <\/em>Santiago de Compostela, Edicions Laiovento, 2003.<\/p>\n<p>SANTA MARIA, Pe. Francisco de, <em>Anno Historico Diario Portuguez: noticia abreviada de pessoas grandes, e cousas notaveis de Portugal <\/em>(\u2026), Lisboa, na Officina e \u00e0 custa de Domingos Gonsalves, 1744, volume I, 11 de Fevereiro, I, p. 247.<\/p>\n<p>SILVA, Inocencio Francisco da, <em>Diccion\u00e1rio Bibliographico Portuguez, <\/em>Lisboa Imprensa Nacional, 1860, vol. I, pp. 292-293.<\/p>\n<p>VICENTE, Maria da Grac\u0327a, <em>D. Filipa: a senhora de Odivelas: 1437<\/em><em>\u2010<\/em><em>1493<\/em>. Vila do Conde, QuidNovi, 2011.<\/p>\n<p>VILLEGAS DE LA TORRE, Esther M., <em>Women and the Republic of Letters in the Luso-Hispanic World, 1447-1700, <\/em>Nothingham UK, University of Nottingham Press, 2011, p. 71<\/p>\n<p>Z\u00daQUETE, Afonso Eduardo Martins, <em>Nobreza de Portugal e do Brasil<\/em>, Lisboa, Rio de Janeiro, Editorial Enciclop\u00e9dia, Lda., vol. I, pg. 271.<\/p>\n<p><strong>OBSERVA\u00c7\u00d5ES<\/strong><\/p>\n<p>Testamento de 19 de Julho de 1492 com codicilho feito cinco dias antes da morte Arquivo Nacional da Torre do Tombo, Transcri\u00e7\u00e3o no livro das Reformas das Gavetas (cf. Bertha Leite, p. 152)<\/p>\n<p>\u00abS\u00e3o conhecidas as composi\u00e7\u00f5es liter\u00e1rias desta Senhora; e acho em mem\u00f3ria particular, que deixara por sua morte \u00e1s religiosas do mosteiro de Odivellas hum ms. seu, que continha as homilias aos evangelhos de todo o anno, <em>com v\u00e1rias imagens e figuras por ella debuxadas<\/em>, com a perfei\u00e7\u00e3o que era pr\u00f3pria da sua habilidade e per\u00edcia na arte.\u00bb (apud. Farinha)<\/p>\n","protected":false},"excerpt":{"rendered":"<p>NOME Filipa, Senhora Dona NOME (OUTRAS FORMAS) Filipa de Lancastre Dados biogr\u00e1ficos PAI \u00a0D. Pedro, Duque de Coimbra M\u00c3E \u00a0Isabel de Arag\u00e3o, condessa de Urgel (filha de D. Jaime II Conde de Urgel) LOCAL DE NASCIMENTO Coimbra DATA DE NASCIMENTO 1 de Junho de 1435 (Inocencio) ou 1437 (Fr. Francisco Brand\u00e3o) LOCAL DA MORTE Convento &#8230; <a title=\"Filipa, Senhora Dona\" class=\"read-more\" href=\"http:\/\/escritoras-em-portugues.com\/en\/xv\/filipa-senhora-dona\/\" aria-label=\"Read more about Filipa, Senhora Dona\">Read more<\/a><\/p>","protected":false},"author":2,"featured_media":0,"parent":43,"menu_order":0,"comment_status":"closed","ping_status":"closed","template":"","meta":{"cybocfi_hide_featured_image":"","footnotes":""},"class_list":["post-424","page","type-page","status-publish"],"_links":{"self":[{"href":"http:\/\/escritoras-em-portugues.com\/en\/wp-json\/wp\/v2\/pages\/424","targetHints":{"allow":["GET"]}}],"collection":[{"href":"http:\/\/escritoras-em-portugues.com\/en\/wp-json\/wp\/v2\/pages"}],"about":[{"href":"http:\/\/escritoras-em-portugues.com\/en\/wp-json\/wp\/v2\/types\/page"}],"author":[{"embeddable":true,"href":"http:\/\/escritoras-em-portugues.com\/en\/wp-json\/wp\/v2\/users\/2"}],"replies":[{"embeddable":true,"href":"http:\/\/escritoras-em-portugues.com\/en\/wp-json\/wp\/v2\/comments?post=424"}],"version-history":[{"count":4,"href":"http:\/\/escritoras-em-portugues.com\/en\/wp-json\/wp\/v2\/pages\/424\/revisions"}],"predecessor-version":[{"id":1716,"href":"http:\/\/escritoras-em-portugues.com\/en\/wp-json\/wp\/v2\/pages\/424\/revisions\/1716"}],"up":[{"embeddable":true,"href":"http:\/\/escritoras-em-portugues.com\/en\/wp-json\/wp\/v2\/pages\/43"}],"wp:attachment":[{"href":"http:\/\/escritoras-em-portugues.com\/en\/wp-json\/wp\/v2\/media?parent=424"}],"curies":[{"name":"wp","href":"https:\/\/api.w.org\/{rel}","templated":true}]}}