{"id":2017,"date":"2025-01-08T14:00:44","date_gmt":"2025-01-08T14:00:44","guid":{"rendered":"https:\/\/escritoras-em-portugues.com\/?page_id=2017"},"modified":"2025-01-08T14:03:09","modified_gmt":"2025-01-08T14:03:09","slug":"mariana-de-almeida-portugal-7a-condesssa-da-ribeira-grande","status":"publish","type":"page","link":"http:\/\/escritoras-em-portugues.com\/en\/xviii\/mariana-de-almeida-portugal-7a-condesssa-da-ribeira-grande\/","title":{"rendered":"Mariana de Almeida Portugal, 7\u00aa condesssa da Ribeira Grande"},"content":{"rendered":"<p><strong>NAME<\/strong> Mariana de Almeida Portugal<\/p>\n<p><strong>OUTROS NOME(S)<\/strong> Mariana de Almeida Portugal, 7\u00aa condessa da Ribeira Grande<\/p>\n<h4><strong>Biographical Elements<\/strong><\/h4>\n<p><strong>FATHER<\/strong> Ant\u00f3nio M\u00e1ximo de Almeida Portugal, 3\u00ba marqu\u00eas do Lavradio (1756-1833)<\/p>\n<p><strong>MOTHER<\/strong> Ana Teles da Silva (1762-1821)<\/p>\n<p><strong>BAPTISM PLACE<\/strong>\u00a0 Lisboa, Santa Engr\u00e1cia<\/p>\n<p><strong>BAPTISM DATE<\/strong> 17 de Agosto de 1785<\/p>\n<p><strong>PLACE OF DEATH<\/strong> Lisboa, S. Sebasti\u00e3o da Pedreira<\/p>\n<p><strong>COUNTRY OF BIRTH<\/strong>\u00a0Portugal<\/p>\n<p><strong>PROFESSION \/ POSITION \/ FUNCTION<\/strong> Dama da Princesa D. Maria Benedita<\/p>\n<p><strong>DATE OF DEATH<\/strong> 4 de Dezembro de 1849<\/p>\n<p><strong>MARITAL STATUS\u00a0<\/strong>Married<\/p>\n<p><strong>C\u00d4NJUGUE<\/strong> D. Jos\u00e9 Maria Gon\u00e7alves Zarco da C\u00e2mara (1784-1820)<\/p>\n<p><strong>MARRIAGE PLACE AND DATE<\/strong> Rio de Janeiro, Brasil, 29 de Outubro de 1814<\/p>\n<p><strong>NUMBER OF CHILDREN<\/strong> 3<\/p>\n<p><strong>CHILDREN<\/strong><\/p>\n<p>S.n. (1817)<\/p>\n<p>Francisco de Sales Gon\u00e7alves Zarco da C\u00e2mara, 1\u00ba Marqu\u00eas da Ribeira Grande (1819-1872)<\/p>\n<p>Maria Rita da C\u00e2mara (1820-1882)<\/p>\n<p><strong>LANGUAGES<\/strong> Portugu\u00eas<\/p>\n<p><strong style=\"font-family: inherit; font-size: 24px; font-style: inherit;\">WORKS<\/strong><\/p>\n<p><strong>PRINTED WORKS<\/strong><\/p>\n<p>Biblioteca P\u00fablica e Arquivo Regional de Ponta Delgada, Arquivo Condes da Ribeira Grande, 255.2. \u2013 255.22; 255.32; 255.37; 255.38; 255.40; 255.49-255.50.<\/p>\n<p>\u201cRela\u00e7\u00e3o da pris\u00e3o da minha irm\u00e3, a Condessa da Ribeira Grande, D. Marianna, escripta por ella mesma (1831-1833)\u201d, in Portugal, D. Francisco de Almeida, S\u00e1, D. Jos\u00e9 Correia de (com.); Andrada, Ernesto de Campos (coord.) (1932-1933), <em>Mem\u00f3rias do Conde de Lavradio, Francisco de Almeida Portugal, comentadas pelo Marqu\u00eas do Lavradio D. Jos\u00e9 de Almeida Correia <\/em><em>de S\u00e1<\/em>, 2 vols, Lisboa: Imprensa Nacional, 2 vol., Lisboa: Imprensa Nacional, pp. 437-447.<\/p>\n<h4><strong>Bibliography<\/strong><\/h4>\n<div id=\"citationOutput\" role=\"region\" aria-live=\"polite\">\n<div class=\"csl-bib-body\">\n<div class=\"csl-entry\">Urbano, Pedro, <a href=\"https:\/\/revistas.uned.es\/index.php\/REI\/article\/view\/41633\">&#8220;Mujeres encarceladas por orden del rey Miguel: las Memorias de Mariana de Almeida Portugal, Condesa de Ribeira Grande&#8221;<\/a>, <i>Revista de Escritoras Ib\u00e9ricas<\/i>, 12, 2024<\/div>\n<div><\/div>\n<\/div>\n<\/div>\n<p>&nbsp;<\/p>\n<p>Valada, Marqu\u00eas de, &#8220;Necronologia&#8221;<em>, Di\u00e1rio do Governo<\/em>, 13\/12\/1849, pp. 1507-1508.<\/p>","protected":false},"excerpt":{"rendered":"<p>NOME Mariana de Almeida Portugal OUTROS NOME(S) Mariana de Almeida Portugal, 7\u00aa condessa da Ribeira Grande Elementos biogr\u00e1ficos PAI Ant\u00f3nio M\u00e1ximo de Almeida Portugal, 3\u00ba marqu\u00eas do Lavradio (1756-1833) M\u00c3E Ana Teles da Silva (1762-1821) LOCAL DE BAPTISMO\u00a0 Lisboa, Santa Engr\u00e1cia DATA DE BAPTISMO 17 de Agosto de 1785 LOCAL DA MORTE Lisboa, S. Sebasti\u00e3o &#8230; <a title=\"Mariana de Almeida Portugal, 7\u00aa condesssa da Ribeira Grande\" class=\"read-more\" href=\"http:\/\/escritoras-em-portugues.com\/en\/xviii\/mariana-de-almeida-portugal-7a-condesssa-da-ribeira-grande\/\" aria-label=\"Read more about Mariana de Almeida Portugal, 7\u00aa condesssa da Ribeira Grande\">Read more<\/a><\/p>","protected":false},"author":1,"featured_media":0,"parent":46,"menu_order":0,"comment_status":"closed","ping_status":"closed","template":"","meta":{"cybocfi_hide_featured_image":"","footnotes":""},"class_list":["post-2017","page","type-page","status-publish"],"_links":{"self":[{"href":"http:\/\/escritoras-em-portugues.com\/en\/wp-json\/wp\/v2\/pages\/2017","targetHints":{"allow":["GET"]}}],"collection":[{"href":"http:\/\/escritoras-em-portugues.com\/en\/wp-json\/wp\/v2\/pages"}],"about":[{"href":"http:\/\/escritoras-em-portugues.com\/en\/wp-json\/wp\/v2\/types\/page"}],"author":[{"embeddable":true,"href":"http:\/\/escritoras-em-portugues.com\/en\/wp-json\/wp\/v2\/users\/1"}],"replies":[{"embeddable":true,"href":"http:\/\/escritoras-em-portugues.com\/en\/wp-json\/wp\/v2\/comments?post=2017"}],"version-history":[{"count":6,"href":"http:\/\/escritoras-em-portugues.com\/en\/wp-json\/wp\/v2\/pages\/2017\/revisions"}],"predecessor-version":[{"id":2023,"href":"http:\/\/escritoras-em-portugues.com\/en\/wp-json\/wp\/v2\/pages\/2017\/revisions\/2023"}],"up":[{"embeddable":true,"href":"http:\/\/escritoras-em-portugues.com\/en\/wp-json\/wp\/v2\/pages\/46"}],"wp:attachment":[{"href":"http:\/\/escritoras-em-portugues.com\/en\/wp-json\/wp\/v2\/media?parent=2017"}],"curies":[{"name":"wp","href":"https:\/\/api.w.org\/{rel}","templated":true}]}}