{"id":1699,"date":"2024-06-04T15:35:02","date_gmt":"2024-06-04T15:35:02","guid":{"rendered":"https:\/\/escritoras-em-portugues.com\/?page_id=1699"},"modified":"2024-06-04T22:09:26","modified_gmt":"2024-06-04T22:09:26","slug":"maria-luisa-de-vallere","status":"publish","type":"page","link":"http:\/\/escritoras-em-portugues.com\/en\/xviii\/maria-luisa-de-vallere\/","title":{"rendered":"Maria Lu\u00edsa de Valler\u00e9"},"content":{"rendered":"<p><strong>NOME<\/strong> Maria Lu\u00edsa de Valler\u00e9<\/p>\n<h4><strong>Elementos biogr\u00e1ficos<\/strong><\/h4>\n<p><strong>PAI<\/strong> \u00a0Guilherme Lu\u00eds Ant\u00f3nio de Valler\u00e9<\/p>\n<p><strong>M\u00c3E\u00a0<\/strong>Maria Genoveva Valler\u00e9<\/p>\n<p><strong>DATA DE NASCIMENTO<\/strong>\u00a0 1761<\/p>\n<p><strong>DATA DA MORTE<\/strong>\u00a0 1823<\/p>\n<p><strong>ESTADO<\/strong> Casada<\/p>\n<p><strong>C\u00d4NJUGUE<\/strong> Manuel Valadares Vieira Castelo Branco (Capit\u00e3o-mor em Borba)<\/p>\n<h4><strong>Obra<\/strong><\/h4>\n<p><strong>OBRAS IMPRESSAS<\/strong><\/p>\n<blockquote><p><a href=\"http:\/\/arquivodigital.defesa.pt\/Images\/winlibimg.aspx?skey=&amp;doc=461331&amp;img=91468\">Eloge Historique de Guillaume-Antoine-Louis de Valler\u00e9 lu a la s\u00e9ance publique \u00e0 l&#8217;Acad\u00e9mie Royale des Sciences de Lisbonne \/ <em>Elogio<\/em><em>\u00a0<\/em><em>Historico de Guilherme Luis Antonio De Valler\u00e9 : Recitado Na Sess\u00e3o P\u00fablica da Academia Real das Sciencias de Lisboa, de 20 de Janeiro de 1798, por Francisco de Borja Gar\u00e7\u00e3o Stockler, Secretario da mesma Academia, Membro da Sociedade Filosofica de Philadelphia: com varias Annota\u00e7\u00f5es, Anecdotas da sua Vida e a Refuta\u00e7\u00e3o do que se acha escrito na Bibliotheca Britanica acerca d&#8217;ella \/ Por D. Maria Luiza De Valler\u00e9, sua Filha,\u00a0<\/em>Paris, Firmin-Didot, 1808<\/a><\/p><\/blockquote>\n<p>&nbsp;<\/p>\n<p><strong>OBRAS MANUSCRITAS<\/strong><\/p>\n<p style=\"font-weight: 400;\"><a href=\"https:\/\/purl.pt\/24928\/1\/index.html#\/7\/html\"><em>Correspondencia do Tenente General Guilherme Luiz Antonio de Valler\u00e9, sendo Coronel do Regimento de Artilharia de Estremoz, com Sua Alteza Serenissima o Conde Reinante de Schaumbourg Lippe, Marechal General dos Exercitos de S. Mag[estad]e Fidelissima o Senhor D. Jos\u00e9 1.\u00ba . Colligida, copiada e offerecida por D. Maria Luiza de Valler\u00e9 filha do sobredito Tenente General para ser depositada no Real Arquivo Militar, e servir de instruc\u00e7\u00e3o a quem quizer ordenar ou saber a historia do Forte de La Lippe, de que elle foi Director singular<\/em>\u00a0[Manuscrito]]\u00a0.\u00a0&#8211;\u00a0[Depois de 1798]<\/a><\/p>\n<h4><\/h4>\n<h4><strong>Bibliografia:<\/strong><\/h4>\n<p><a href=\"https:\/\/estudogeral.uc.pt\/bitstream\/10316\/79402\/1\/Tenho%20escrevinhado%20muito.pdf\">BIGUELINI, Elen, <em>&#8216;Tenho escrevinhado muito&#8217;. Mulheres que escreveram em Portugal (1800-1859), <\/em>Tese de Doutoramento, Coimbra, Faculdade de Letras, Universidade de Coimbra, 2017, p. 69.<\/a><\/p>\n<p><em>Di\u00e1rio das Cortes da Na\u00e7\u00e3o Portuguesa<\/em>, Vol. 8, Tomo I, 1822, p. 612.<\/p>\n","protected":false},"excerpt":{"rendered":"<p>NOME Maria Lu\u00edsa de Valler\u00e9 Elementos biogr\u00e1ficos PAI \u00a0Guilherme Lu\u00eds Ant\u00f3nio de Valler\u00e9 M\u00c3E\u00a0Maria Genoveva Valler\u00e9 DATA DE NASCIMENTO\u00a0 1761 DATA DA MORTE\u00a0 1823 ESTADO Casada C\u00d4NJUGUE Manuel Valadares Vieira Castelo Branco (Capit\u00e3o-mor em Borba) Obra OBRAS IMPRESSAS Eloge Historique de Guillaume-Antoine-Louis de Valler\u00e9 lu a la s\u00e9ance publique \u00e0 l&#8217;Acad\u00e9mie Royale des Sciences de &#8230; <a title=\"Maria Lu\u00edsa de Valler\u00e9\" class=\"read-more\" href=\"http:\/\/escritoras-em-portugues.com\/en\/xviii\/maria-luisa-de-vallere\/\" aria-label=\"Read more about Maria Lu\u00edsa de Valler\u00e9\">Read more<\/a><\/p>","protected":false},"author":3,"featured_media":0,"parent":46,"menu_order":0,"comment_status":"closed","ping_status":"closed","template":"","meta":{"cybocfi_hide_featured_image":"","footnotes":""},"class_list":["post-1699","page","type-page","status-publish"],"_links":{"self":[{"href":"http:\/\/escritoras-em-portugues.com\/en\/wp-json\/wp\/v2\/pages\/1699","targetHints":{"allow":["GET"]}}],"collection":[{"href":"http:\/\/escritoras-em-portugues.com\/en\/wp-json\/wp\/v2\/pages"}],"about":[{"href":"http:\/\/escritoras-em-portugues.com\/en\/wp-json\/wp\/v2\/types\/page"}],"author":[{"embeddable":true,"href":"http:\/\/escritoras-em-portugues.com\/en\/wp-json\/wp\/v2\/users\/3"}],"replies":[{"embeddable":true,"href":"http:\/\/escritoras-em-portugues.com\/en\/wp-json\/wp\/v2\/comments?post=1699"}],"version-history":[{"count":6,"href":"http:\/\/escritoras-em-portugues.com\/en\/wp-json\/wp\/v2\/pages\/1699\/revisions"}],"predecessor-version":[{"id":1854,"href":"http:\/\/escritoras-em-portugues.com\/en\/wp-json\/wp\/v2\/pages\/1699\/revisions\/1854"}],"up":[{"embeddable":true,"href":"http:\/\/escritoras-em-portugues.com\/en\/wp-json\/wp\/v2\/pages\/46"}],"wp:attachment":[{"href":"http:\/\/escritoras-em-portugues.com\/en\/wp-json\/wp\/v2\/media?parent=1699"}],"curies":[{"name":"wp","href":"https:\/\/api.w.org\/{rel}","templated":true}]}}