{"id":1515,"date":"2024-02-19T07:17:57","date_gmt":"2024-02-19T07:17:57","guid":{"rendered":"https:\/\/escritoras-em-portugues.com\/?page_id=1515"},"modified":"2024-06-04T21:57:28","modified_gmt":"2024-06-04T21:57:28","slug":"vicencia-baptista-d","status":"publish","type":"page","link":"http:\/\/escritoras-em-portugues.com\/en\/xvii\/vicencia-baptista-d\/","title":{"rendered":"Vicencia Baptista, D."},"content":{"rendered":"<p><strong>NAME<\/strong> Vicencia Baptista, D.<\/p>\n<h4><strong>Biographical Elements<\/strong><\/h4>\n<p><strong>DATE OF BIRTH<\/strong>\u00a0 S\u00e9culo XVII (?)<\/p>\n<p><strong>DATE OF DEATH<\/strong>\u00a0 XVII century<\/p>\n<h4><strong>WORKS<\/strong><\/h4>\n<p><strong>PRINTED WORKS<\/strong><\/p>\n<blockquote><p>&#8220;D\u00e9cimas al Licenciado Iuan Baptista Garcia de Alexandre&#8221; in.: Juan Baptista Garcia de ALEXANDRE, <em>Cancion Real al Altissimo Misterio de El Ave Maria en la Sacratissima Encarnacion de el Verbo Dios Eterno, principio de nuestra feliz y Redempcion. Romance. Chaos del mundo en la muerte de el Fenix Christo Se\u00f1or Nuestro y alegria universal en su\u00a0<\/em><i>Resurrecci\u00f3n,\u00a0<\/i>Lisboa, Antonio Alvarez, 1635.<\/p><\/blockquote>\n<h4><strong>Bibliography<\/strong><\/h4>\n<p><a href=\"http:\/\/ler.letras.up.pt\/uploads\/ficheiros\/4720.pdf\">MORUJ\u00c3O, Isabel, <em>Contributo<\/em><i><span lang=\"PT\"> para uma Bibliografia Cronol\u00f3gica da Literatura Mon\u00e1stica Feminina Portuguesa dos s\u00e9culos XVII e XVIII (impressos), <\/span><\/i><span lang=\"PT\">Lisboa, Centro de Estudos de Hist\u00f3ria Religiosa, Universidade Cat\u00f3lica Portuguesa, 1995, pp. 10-11.<\/span><\/a><\/p>\n<div><a name=\"OLE_LINK280\"><\/a><\/div>","protected":false},"excerpt":{"rendered":"<p>NOME Vicencia Baptista, D. Elementos biogr\u00e1ficos DATA DE NASCIMENTO\u00a0 S\u00e9culo XVII (?) DATA DA MORTE\u00a0 S\u00e9culo XVII Obra OBRAS IMPRESSAS &#8220;D\u00e9cimas al Licenciado Iuan Baptista Garcia de Alexandre&#8221; in.: Juan Baptista Garcia de ALEXANDRE, Cancion Real al Altissimo Misterio de El Ave Maria en la Sacratissima Encarnacion de el Verbo Dios Eterno, principio de nuestra &#8230; <a title=\"Vicencia Baptista, D.\" class=\"read-more\" href=\"http:\/\/escritoras-em-portugues.com\/en\/xvii\/vicencia-baptista-d\/\" aria-label=\"Read more about Vicencia Baptista, D.\">Read more<\/a><\/p>","protected":false},"author":3,"featured_media":0,"parent":47,"menu_order":0,"comment_status":"closed","ping_status":"closed","template":"","meta":{"cybocfi_hide_featured_image":"","footnotes":""},"class_list":["post-1515","page","type-page","status-publish"],"_links":{"self":[{"href":"http:\/\/escritoras-em-portugues.com\/en\/wp-json\/wp\/v2\/pages\/1515","targetHints":{"allow":["GET"]}}],"collection":[{"href":"http:\/\/escritoras-em-portugues.com\/en\/wp-json\/wp\/v2\/pages"}],"about":[{"href":"http:\/\/escritoras-em-portugues.com\/en\/wp-json\/wp\/v2\/types\/page"}],"author":[{"embeddable":true,"href":"http:\/\/escritoras-em-portugues.com\/en\/wp-json\/wp\/v2\/users\/3"}],"replies":[{"embeddable":true,"href":"http:\/\/escritoras-em-portugues.com\/en\/wp-json\/wp\/v2\/comments?post=1515"}],"version-history":[{"count":2,"href":"http:\/\/escritoras-em-portugues.com\/en\/wp-json\/wp\/v2\/pages\/1515\/revisions"}],"predecessor-version":[{"id":1820,"href":"http:\/\/escritoras-em-portugues.com\/en\/wp-json\/wp\/v2\/pages\/1515\/revisions\/1820"}],"up":[{"embeddable":true,"href":"http:\/\/escritoras-em-portugues.com\/en\/wp-json\/wp\/v2\/pages\/47"}],"wp:attachment":[{"href":"http:\/\/escritoras-em-portugues.com\/en\/wp-json\/wp\/v2\/media?parent=1515"}],"curies":[{"name":"wp","href":"https:\/\/api.w.org\/{rel}","templated":true}]}}