{"id":1507,"date":"2024-02-18T21:21:51","date_gmt":"2024-02-18T21:21:51","guid":{"rendered":"https:\/\/escritoras-em-portugues.com\/?page_id=1507"},"modified":"2024-06-04T21:55:06","modified_gmt":"2024-06-04T21:55:06","slug":"paula-da-encarnacao-soror","status":"publish","type":"page","link":"http:\/\/escritoras-em-portugues.com\/en\/xvii\/paula-da-encarnacao-soror\/","title":{"rendered":"Paula da Encarna\u00e7\u00e3o, Soror"},"content":{"rendered":"<p><strong>NAME<\/strong> Paula da Encarna\u00e7\u00e3o, Soror<\/p>\n<h4><strong>Biographical Elements<\/strong><\/h4>\n<p><strong>DATE OF BIRTH<\/strong>\u00a0 XVII century<\/p>\n<p><strong>DATE OF DEATH<\/strong>\u00a0 XVII century<\/p>\n<h4><strong>WORKS<\/strong><\/h4>\n<p><strong>PRINTED WORKS<\/strong><\/p>\n<blockquote><p>D\u00e9cimas in.: Manoel Mendez de BARBUDA,\u00a0<em>Virginidos ou vida da Virgem Senhora Nossa, Poema Heroico dedicado a magestade da Rainha Dona Luiza Nossa Senhora,\u00a0<\/em>Lisboa, Oficina de Diogo Soares de Bulh\u00f5es, 1667.<\/p><\/blockquote>\n<h4><strong>Bibliography<\/strong><\/h4>\n<div><span lang=\"PT\">MORUJ\u00c3O, Isabel,<em> Contributo<\/em> para<\/span><i><span lang=\"PT\"> uma Bibliografia cronol\u00f3gica da Literatura Mon\u00e1stica Feminina Portuguesa dos s\u00e9culos XVII e XVIII (impressos), <\/span><\/i><span lang=\"PT\">Lisboa, Centro de Estudos de Hist\u00f3ria Religiosa, Universidade Cat\u00f3lica Portuguesa, 1995, pp. 14-15.<\/span><\/div>\n<div><a name=\"OLE_LINK280\"><\/a><a name=\"OLE_LINK280\"><\/a><\/div>\n<div><\/div>","protected":false},"excerpt":{"rendered":"<p>NOME Paula da Encarna\u00e7\u00e3o, Soror Elementos biogr\u00e1ficos DATA DE NASCIMENTO\u00a0 S\u00e9culo XVII DATA DA MORTE\u00a0 S\u00e9culo XVII Obra OBRAS IMPRESSAS D\u00e9cimas in.: Manoel Mendez de BARBUDA,\u00a0Virginidos ou vida da Virgem Senhora Nossa, Poema Heroico dedicado a magestade da Rainha Dona Luiza Nossa Senhora,\u00a0Lisboa, Oficina de Diogo Soares de Bulh\u00f5es, 1667. Bibliografia: MORUJ\u00c3O, Isabel, Contributo para &#8230; <a title=\"Paula da Encarna\u00e7\u00e3o, Soror\" class=\"read-more\" href=\"http:\/\/escritoras-em-portugues.com\/en\/xvii\/paula-da-encarnacao-soror\/\" aria-label=\"Read more about Paula da Encarna\u00e7\u00e3o, Soror\">Read more<\/a><\/p>","protected":false},"author":3,"featured_media":0,"parent":47,"menu_order":0,"comment_status":"closed","ping_status":"closed","template":"","meta":{"cybocfi_hide_featured_image":"","footnotes":""},"class_list":["post-1507","page","type-page","status-publish"],"_links":{"self":[{"href":"http:\/\/escritoras-em-portugues.com\/en\/wp-json\/wp\/v2\/pages\/1507","targetHints":{"allow":["GET"]}}],"collection":[{"href":"http:\/\/escritoras-em-portugues.com\/en\/wp-json\/wp\/v2\/pages"}],"about":[{"href":"http:\/\/escritoras-em-portugues.com\/en\/wp-json\/wp\/v2\/types\/page"}],"author":[{"embeddable":true,"href":"http:\/\/escritoras-em-portugues.com\/en\/wp-json\/wp\/v2\/users\/3"}],"replies":[{"embeddable":true,"href":"http:\/\/escritoras-em-portugues.com\/en\/wp-json\/wp\/v2\/comments?post=1507"}],"version-history":[{"count":2,"href":"http:\/\/escritoras-em-portugues.com\/en\/wp-json\/wp\/v2\/pages\/1507\/revisions"}],"predecessor-version":[{"id":1810,"href":"http:\/\/escritoras-em-portugues.com\/en\/wp-json\/wp\/v2\/pages\/1507\/revisions\/1810"}],"up":[{"embeddable":true,"href":"http:\/\/escritoras-em-portugues.com\/en\/wp-json\/wp\/v2\/pages\/47"}],"wp:attachment":[{"href":"http:\/\/escritoras-em-portugues.com\/en\/wp-json\/wp\/v2\/media?parent=1507"}],"curies":[{"name":"wp","href":"https:\/\/api.w.org\/{rel}","templated":true}]}}