{"id":1218,"date":"2023-11-18T21:12:10","date_gmt":"2023-11-18T21:12:10","guid":{"rendered":"https:\/\/escritoras-em-portugues.com\/?page_id=1218"},"modified":"2024-06-04T22:11:24","modified_gmt":"2024-06-04T22:11:24","slug":"martha-magdalena-do-calvario-soror","status":"publish","type":"page","link":"http:\/\/escritoras-em-portugues.com\/en\/xviii\/martha-magdalena-do-calvario-soror\/","title":{"rendered":"Martha Magdalena do Calvario, Soror"},"content":{"rendered":"<p><strong>NAME <\/strong><span lang=\"PT\">Martha Magdalena do Calvario, Soror<\/span><\/p>\n<div>\n<div><span lang=\"PT\"><strong>OUTROS NOME(S)<\/strong> Martha Caetana<\/span><\/div>\n<div><\/div>\n<\/div>\n<h4><strong>Biographical Elements<\/strong><\/h4>\n<p style=\"font-weight: 400;\"><strong>FATHER<\/strong> Pedro de Almeida do Amaral, Juiz da Coroa<\/p>\n<p style=\"font-weight: 400;\"><strong>MOTHER<\/strong> Margarida de Oliveira<\/p>\n<p style=\"font-weight: 400;\"><strong>BIRTHPLACE<\/strong> Lisboa<\/p>\n<p><strong>DATE OF BIRTH<\/strong>\u00a0 XVIII century<\/p>\n<p><strong>DATE OF DEATH<\/strong>\u00a0 XVIII century<\/p>\n<p><strong>MARITAL STATUS<\/strong> Freira<\/p>\n<p style=\"font-weight: 400;\"><strong>DATE OF RELIGIOUS PROFESSION<\/strong> 21 de Novembro de 1721<\/p>\n<p style=\"font-weight: 400;\"><strong>CONVENT<\/strong> do Crucifixo de Lisboa<\/p>\n<p style=\"font-weight: 400;\"><strong>RELIGIOUS ORDER<\/strong> Clarissas<\/p>\n<p style=\"font-weight: 400;\"><strong>LANGUAGES<\/strong> Portugu\u00eas, castelhano<\/p>\n<p><strong style=\"font-family: inherit; font-size: 24px; font-style: inherit;\">WORKS<\/strong><\/p>\n<p><strong>PRINTED WORKS<\/strong><\/p>\n<blockquote>\n<p style=\"font-weight: 400;\"><em>A primeira Regra das Religiosas de S. Clara que lh foy dada por Nosso Padre S. Francisco, confirmada pelo S. P. Innocencio IV. <\/em>Lisboa, por Miguel Rodrigues, Impressor do Emminentissimo Senhor Patriarchal, 1743<\/p>\n<p style=\"font-weight: 400;\"><em>Breve e clara exposi\u00e7\u00e3o e declara\u00e7\u00e3o da primeira regra da gloriosa Sancta Clara, confirmada pelo Papa Innocencio IV de feliz memoria, a qual guarda\u00f5 as Madres descalsas, e Capuchinas, que por outro nome se chama\u00f5 as Senhoras pobres da Ordem de Santa Clara (\u2026): traduzida de Fr. Leandro de Murcia, por uma religiosa do Convento do Crucifixo<\/em>. Lisboa, por Miguel Rodrigues, 1744. (tradu\u00e7\u00e3o do Castelhano de Fr. Leandro de Murcia)<\/p>\n<\/blockquote>\n<h4><strong>Bibliography<\/strong><\/h4>\n<p style=\"font-weight: 400;\">MACHADO, Diogo BARBOSA, <i><span lang=\"PT\">Bibliotheca Luzitana: hist\u00f3rica, cr\u00edtica e cronol\u00f3gica, <\/span><\/i><span lang=\"PT\">Lisboa Occidental, na Officina de Antonio Isidoro da Fonseca, 1741-1759, volume <\/span>III: 432<\/p>\n<p style=\"font-weight: 400;\">BARROS, Teresa Leit\u00e3o de. <em>Escritoras de Portugal.<\/em>\u00a0<em>G\u00e9nio Feminino revelado na Literatura Portuguesa<\/em>, vol. II., Lisboa, 1924, p. 147.<\/p>\n<p style=\"font-weight: 400;\">FARIA, Francisco Leite de. <em>Santa Clara e as Clarissas em Portugal<\/em>, Lisboa: Instituto da Biblioteca Nacional e do Livro, 1994, pp. 43, 44, 69, 120.<\/p>\n<p style=\"font-weight: 400;\">SILVA, Innocencio Francisco da, <em>Diccion\u00e1rio Bibliographico Portuguez<\/em>, Lisboa, Imprensa Nacional, 1858-1862, volume VI, p. 151.<\/p>\n<p style=\"font-weight: 400;\">SERRANO y SANZ, Manuel,<em> Apuntes para una biblioteca de escritoras espa\u00f1olas desde el a\u00f1o 1401 al 1833<\/em>, Madrid, Establecimiento Tipografico \u201cSucesores de Rivadeneyra\u201d, 2 volumes, 1903-1905, volume I, p. 173.<\/p>","protected":false},"excerpt":{"rendered":"<p>NOME Martha Magdalena do Calvario, Soror OUTROS NOME(S) Martha Caetana Elementos biogr\u00e1ficos PAI Pedro de Almeida do Amaral, Juiz da Coroa M\u00c3E Margarida de Oliveira LOCAL DE NASCIMENTO Lisboa DATA DE NASCIMENTO\u00a0 S\u00e9culo XVIII DATA DA MORTE\u00a0 S\u00e9culo XVIII ESTADO Freira DATA DA PROFISS\u00c3O RELIGIOSA 21 de Novembro de 1721 CONVENTO do Crucifixo de Lisboa &#8230; <a title=\"Martha Magdalena do Calvario, Soror\" class=\"read-more\" href=\"http:\/\/escritoras-em-portugues.com\/en\/xviii\/martha-magdalena-do-calvario-soror\/\" aria-label=\"Read more about Martha Magdalena do Calvario, Soror\">Read more<\/a><\/p>","protected":false},"author":3,"featured_media":0,"parent":46,"menu_order":0,"comment_status":"closed","ping_status":"closed","template":"","meta":{"cybocfi_hide_featured_image":"","footnotes":""},"class_list":["post-1218","page","type-page","status-publish"],"_links":{"self":[{"href":"http:\/\/escritoras-em-portugues.com\/en\/wp-json\/wp\/v2\/pages\/1218","targetHints":{"allow":["GET"]}}],"collection":[{"href":"http:\/\/escritoras-em-portugues.com\/en\/wp-json\/wp\/v2\/pages"}],"about":[{"href":"http:\/\/escritoras-em-portugues.com\/en\/wp-json\/wp\/v2\/types\/page"}],"author":[{"embeddable":true,"href":"http:\/\/escritoras-em-portugues.com\/en\/wp-json\/wp\/v2\/users\/3"}],"replies":[{"embeddable":true,"href":"http:\/\/escritoras-em-portugues.com\/en\/wp-json\/wp\/v2\/comments?post=1218"}],"version-history":[{"count":3,"href":"http:\/\/escritoras-em-portugues.com\/en\/wp-json\/wp\/v2\/pages\/1218\/revisions"}],"predecessor-version":[{"id":1857,"href":"http:\/\/escritoras-em-portugues.com\/en\/wp-json\/wp\/v2\/pages\/1218\/revisions\/1857"}],"up":[{"embeddable":true,"href":"http:\/\/escritoras-em-portugues.com\/en\/wp-json\/wp\/v2\/pages\/46"}],"wp:attachment":[{"href":"http:\/\/escritoras-em-portugues.com\/en\/wp-json\/wp\/v2\/media?parent=1218"}],"curies":[{"name":"wp","href":"https:\/\/api.w.org\/{rel}","templated":true}]}}