{"id":1195,"date":"2023-11-18T19:34:47","date_gmt":"2023-11-18T19:34:47","guid":{"rendered":"https:\/\/escritoras-em-portugues.com\/?page_id=1195"},"modified":"2024-06-04T21:57:14","modified_gmt":"2024-06-04T21:57:14","slug":"tomasia-nunes","status":"publish","type":"page","link":"http:\/\/escritoras-em-portugues.com\/en\/xvii\/tomasia-nunes\/","title":{"rendered":"Tom\u00e1sia Nunes"},"content":{"rendered":"<p><strong>NAME <\/strong><span lang=\"PT\">Tom\u00e1sia Nunes<\/span><\/p>\n<h4><strong>Biographical Elements<\/strong><\/h4>\n<p style=\"font-weight: 400;\"><strong>BIRTHPLACE<\/strong> \u00a0Guarda<\/p>\n<p style=\"font-weight: 400;\"><strong>PA\u00cdS EM QUE NASCEU<\/strong>\u00a0Portugal<\/p>\n<p><strong>DATE OF BIRTH<\/strong>\u00a0 S\u00e9culo XVII (?)<\/p>\n<p><strong>DATE OF DEATH<\/strong>\u00a0c. 1644<\/p>\n<h4><strong>WORKS<\/strong><\/h4>\n<p><strong>HANDWRITTEN WORKS (MISSING)<\/strong><\/p>\n<blockquote>\n<p style=\"font-weight: 400;\"><em>Ideias singular\u00edssimas\u00a0 <\/em>(<em>apud<\/em> JESUS \u201cdois livros em folio\u201d)<\/p>\n<\/blockquote>\n<h4><strong>Bibliography<\/strong><\/h4>\n<p style=\"font-weight: 400;\">JESUS, Gertrudes Margarida, <em>Segunda Carta Apolog\u00e9tica em favor, e defensa das Mulheres, escrita por dona Gertrudes Margarida de Jesus, ao Irm\u00e3o Amador do Desengano, com a qual destroe toda a fabrica do seu Espelho Cr\u00edtico. E se responde ao terceiro defeito, que nelle contemplou<\/em>, Lisboa, Francisco Borges de Sousa, 1761.<\/p>\n<p style=\"font-weight: 400;\"><strong>\u00a0<\/strong>MACHADO, Diogo Barbosa, <em>Bibliotheca Luzitana: hist\u00f3rica, cr\u00edtica e cronol\u00f3gica, <\/em>Lisboa Occidental, na Officina de Antonio Isidoro da Fonseca, 1741-1759, Vol. III, p. 753.<\/p>\n<p style=\"font-weight: 400;\"><strong>\u00a0<\/strong>PERYM, Dami\u00e3o de Froes, <em>Theatro Heroino, abecedario historico, e catalogo das mulheres ilustres em armas, letras ac\u00e7oens heroicas e artes liberais\u2026, <\/em>Lisboa Occidental, na Officina de Musica de Theotonio Antunes Lima, 1736-1740, Tomo II, p. 439.<\/p>","protected":false},"excerpt":{"rendered":"<p>NOME Tom\u00e1sia Nunes Elementos biogr\u00e1ficos LOCAL DE NASCIMENTO \u00a0Guarda PA\u00cdS EM QUE NASCEU\u00a0Portugal DATA DE NASCIMENTO\u00a0 S\u00e9culo XVII (?) DATA DA MORTE\u00a0c. 1644 Obra OBRAS MANUSCRITAS (DESAPARECIDAS) Ideias singular\u00edssimas\u00a0 (apud JESUS \u201cdois livros em folio\u201d) Bibliografia: JESUS, Gertrudes Margarida, Segunda Carta Apolog\u00e9tica em favor, e defensa das Mulheres, escrita por dona Gertrudes Margarida de Jesus, &#8230; <a title=\"Tom\u00e1sia Nunes\" class=\"read-more\" href=\"http:\/\/escritoras-em-portugues.com\/en\/xvii\/tomasia-nunes\/\" aria-label=\"Read more about Tom\u00e1sia Nunes\">Read more<\/a><\/p>","protected":false},"author":3,"featured_media":0,"parent":47,"menu_order":0,"comment_status":"closed","ping_status":"closed","template":"","meta":{"cybocfi_hide_featured_image":"","footnotes":""},"class_list":["post-1195","page","type-page","status-publish"],"_links":{"self":[{"href":"http:\/\/escritoras-em-portugues.com\/en\/wp-json\/wp\/v2\/pages\/1195","targetHints":{"allow":["GET"]}}],"collection":[{"href":"http:\/\/escritoras-em-portugues.com\/en\/wp-json\/wp\/v2\/pages"}],"about":[{"href":"http:\/\/escritoras-em-portugues.com\/en\/wp-json\/wp\/v2\/types\/page"}],"author":[{"embeddable":true,"href":"http:\/\/escritoras-em-portugues.com\/en\/wp-json\/wp\/v2\/users\/3"}],"replies":[{"embeddable":true,"href":"http:\/\/escritoras-em-portugues.com\/en\/wp-json\/wp\/v2\/comments?post=1195"}],"version-history":[{"count":2,"href":"http:\/\/escritoras-em-portugues.com\/en\/wp-json\/wp\/v2\/pages\/1195\/revisions"}],"predecessor-version":[{"id":1819,"href":"http:\/\/escritoras-em-portugues.com\/en\/wp-json\/wp\/v2\/pages\/1195\/revisions\/1819"}],"up":[{"embeddable":true,"href":"http:\/\/escritoras-em-portugues.com\/en\/wp-json\/wp\/v2\/pages\/47"}],"wp:attachment":[{"href":"http:\/\/escritoras-em-portugues.com\/en\/wp-json\/wp\/v2\/media?parent=1195"}],"curies":[{"name":"wp","href":"https:\/\/api.w.org\/{rel}","templated":true}]}}