{"id":1153,"date":"2023-11-16T14:08:16","date_gmt":"2023-11-16T14:08:16","guid":{"rendered":"https:\/\/escritoras-em-portugues.com\/?page_id=1153"},"modified":"2024-06-04T02:53:08","modified_gmt":"2024-06-04T02:53:08","slug":"francisca-dos-anjos-soror","status":"publish","type":"page","link":"http:\/\/escritoras-em-portugues.com\/en\/xvi\/francisca-dos-anjos-soror\/","title":{"rendered":"Francisca dos Anjos, Soror"},"content":{"rendered":"<p><strong>NAME<\/strong> Francisca dos Anjos, Soror<\/p>\n<h4><strong>Biographical Elements<\/strong><\/h4>\n<p><strong>DATE OF BIRTH<\/strong>\u00a0 S\u00e9culo XVI (?)<\/p>\n<p><strong>PLACE OF DEATH<\/strong> Lisboa (?)<\/p>\n<p><strong>DATE OF DEATH<\/strong>\u00a0 XVII century<\/p>\n<p><strong>PROFESSION \/ POSITION \/ FUNCTION<\/strong> Abadessa<\/p>\n<p><strong>MARITAL STATUS<\/strong> Freira<\/p>\n<p><strong>CONVENT<\/strong> Convento da Esperan\u00e7a, Lisboa<\/p>\n<h4><strong>WORKS<\/strong><\/h4>\n<p><strong>HANDWRITTEN WORKS<\/strong><\/p>\n<blockquote><p><em>Livro da Funda\u00e7\u00e3o, Amplia\u00e7\u00e3o e S\u00edtio do Convento de Nossa Senhora da Piedade da Esperan\u00e7a da cidade de Lisboa o qual mandou escrever a abadessa soror Francisca dos Anjos no ano de 1620<\/em><\/p><\/blockquote>\n<h4><strong>Bibliography<\/strong><\/h4>\n<p><i>Exposi\u00e7\u00e3o Tesouros da Biblioteca Nacional. Cat\u00e1logo,\u00a0<\/i>Lisboa, Biblioteca Nacional, 1969, p. 17<\/p>","protected":false},"excerpt":{"rendered":"<p>NOME Francisca dos Anjos, Soror Elementos biogr\u00e1ficos DATA DE NASCIMENTO\u00a0 S\u00e9culo XVI (?) LOCAL DA MORTE Lisboa (?) DATA DA MORTE\u00a0 S\u00e9culo XVII PROFISS\u00c3O \/ CARGO \/ FUN\u00c7\u00c3O Abadessa ESTADO Freira CONVENTO Convento da Esperan\u00e7a, Lisboa Obra OBRAS MANUSCRITAS Livro da Funda\u00e7\u00e3o, Amplia\u00e7\u00e3o e S\u00edtio do Convento de Nossa Senhora da Piedade da Esperan\u00e7a da &#8230; <a title=\"Francisca dos Anjos, Soror\" class=\"read-more\" href=\"http:\/\/escritoras-em-portugues.com\/en\/xvi\/francisca-dos-anjos-soror\/\" aria-label=\"Read more about Francisca dos Anjos, Soror\">Read more<\/a><\/p>","protected":false},"author":3,"featured_media":0,"parent":45,"menu_order":0,"comment_status":"closed","ping_status":"closed","template":"","meta":{"cybocfi_hide_featured_image":"","footnotes":""},"class_list":["post-1153","page","type-page","status-publish"],"_links":{"self":[{"href":"http:\/\/escritoras-em-portugues.com\/en\/wp-json\/wp\/v2\/pages\/1153","targetHints":{"allow":["GET"]}}],"collection":[{"href":"http:\/\/escritoras-em-portugues.com\/en\/wp-json\/wp\/v2\/pages"}],"about":[{"href":"http:\/\/escritoras-em-portugues.com\/en\/wp-json\/wp\/v2\/types\/page"}],"author":[{"embeddable":true,"href":"http:\/\/escritoras-em-portugues.com\/en\/wp-json\/wp\/v2\/users\/3"}],"replies":[{"embeddable":true,"href":"http:\/\/escritoras-em-portugues.com\/en\/wp-json\/wp\/v2\/comments?post=1153"}],"version-history":[{"count":3,"href":"http:\/\/escritoras-em-portugues.com\/en\/wp-json\/wp\/v2\/pages\/1153\/revisions"}],"predecessor-version":[{"id":1676,"href":"http:\/\/escritoras-em-portugues.com\/en\/wp-json\/wp\/v2\/pages\/1153\/revisions\/1676"}],"up":[{"embeddable":true,"href":"http:\/\/escritoras-em-portugues.com\/en\/wp-json\/wp\/v2\/pages\/45"}],"wp:attachment":[{"href":"http:\/\/escritoras-em-portugues.com\/en\/wp-json\/wp\/v2\/media?parent=1153"}],"curies":[{"name":"wp","href":"https:\/\/api.w.org\/{rel}","templated":true}]}}