{"id":1148,"date":"2023-11-15T21:59:07","date_gmt":"2023-11-15T21:59:07","guid":{"rendered":"https:\/\/escritoras-em-portugues.com\/?page_id=1148"},"modified":"2024-06-04T22:09:57","modified_gmt":"2024-06-04T22:09:57","slug":"mariana-antonia-pimentel-maldonado","status":"publish","type":"page","link":"http:\/\/escritoras-em-portugues.com\/en\/xviii\/mariana-antonia-pimentel-maldonado\/","title":{"rendered":"Mariana Ant\u00f3nia Pimentel Maldonado"},"content":{"rendered":"<p><strong>NAME <\/strong><span lang=\"PT\">Mariana Ant\u00f3nia Pimentel Maldonado<\/span><\/p>\n<p style=\"font-weight: 400;\"><strong>PSEUDONYM(S)<\/strong> Armania<em> \u00a0<\/em><\/p>\n<h4><strong>Biographical Elements<\/strong><\/h4>\n<p style=\"font-weight: 400;\"><strong>FATHER<\/strong> Bernardo Lopes Pereira Maldonado, Desembargador<\/p>\n<p style=\"font-weight: 400;\"><strong>MOTHER <\/strong>Brites Clara Pimentel<\/p>\n<p style=\"font-weight: 400;\"><strong>BIRTHPLACE<\/strong> Lisboa<\/p>\n<p style=\"font-weight: 400;\"><strong>DATE OF BIRTH<\/strong> 12 de Dezembro de 1771<\/p>\n<p style=\"font-weight: 400;\"><strong>DATE OF DEATH<\/strong> Lisboa, 15 de Maio de 1855<\/p>\n<p><strong>MARITAL STATUS<\/strong> <span style=\"font-weight: 400;\">Solteira \u00a0\u00a0\u00a0<\/span><\/p>\n<h4><strong>WORKS<\/strong><\/h4>\n<p><strong>PRINTED WORKS<\/strong><\/p>\n<blockquote>\n<p style=\"font-weight: 400;\">Soneto \u201cChegou em fim o dia suspirado\u201d, in <em>O Nome Elogio Dramatico que, depois da batalha do Arapiles, vindo a Lisboa o seu vencedor Lord Marquez d\u2019 Wellington, e Torres Vedras etc., etc., etc. em obsequio, e applauso de ta\u00f5 fausta vinda, se representou no Real Theatro Nacional de S. Carlos por N. A. P. P. M.<\/em>, Lisboa, na Officina de JoaquimThomaz de Aquino Bulh\u00f5es, 1813.<\/p>\n<p style=\"font-weight: 400;\"><em>Soneto \u00e0 Seren\u00edssima Senhora Infanta D. Isabel Maria<\/em>, Lisboa, Imprensa R\u00e9gia, 1826.<\/p>\n<p style=\"font-weight: 400;\">\u201cOde Anacreontica\u201d (em resposta \u00e0 Ode LXXI do Livro V das <em>Poesias<\/em> de Jos\u00e9 Maria da Costa e Silva) in.: <em>Poesias de Jos\u00e9 Maria da Costa e Silva, <\/em>Tomo III, Lisboa, Tipografia de Antonio Jos\u00e9 da Rocha, 1844.<\/p>\n<p style=\"font-weight: 400;\">\u201cSoneto\u201d <em>O Patriota<\/em><\/p>\n<\/blockquote>\n<p style=\"font-weight: 400;\"><strong>C<\/strong><strong>olabora\u00e7\u00e3o em peri\u00f3dicos<\/strong><\/p>\n<blockquote>\n<p style=\"font-weight: 400;\"><em>O Portuguez Constitucional, <\/em>1820-1821<\/p>\n<p style=\"font-weight: 400;\"><em>\u00a0<\/em>LE\u00c3O, Marques, <em>Jornal Po\u00e9tico, <\/em>1812<\/p>\n<p style=\"font-weight: 400;\">\u201cSoneto\u201d <em>O Patriota, <\/em>Bahia, 1813, n\u00ba 5, p. 44<\/p>\n<\/blockquote>\n<p style=\"font-weight: 400;\"><strong>\u00a0<\/strong><strong>HANDWRITTEN WORKS (MISSING)<\/strong><\/p>\n<blockquote>\n<p style=\"font-weight: 400;\"><em>Poesias<\/em><\/p>\n<\/blockquote>\n<p style=\"font-weight: 400;\"><strong>\u00a0<\/strong><strong>MISSING WORKS<\/strong><\/p>\n<blockquote><p>\u00a0cole\u00e7\u00f5es de in\u00e9ditos manuscritos na posse de familiares <em>(apud Ant\u00f3nio<\/em> da Costa)<\/p><\/blockquote>\n<h4><strong>Bibliography<\/strong><\/h4>\n<p style=\"font-weight: 400;\">ANAST\u00c1CIO, Vanda, \u00abMariana Ant\u00f3nia Pimentel Maldonado\u00bb, <em>Dicion\u00e1rio no Feminino (s\u00e9culos XIX-XX)<\/em>, (coord. Z\u00edlia Os\u00f3rio de Castro, Ant\u00f3nio Ferreira de Sousa) Lisboa, Livros Horizonte, 2005, pp. 753-754<\/p>\n<p style=\"font-weight: 400;\">BARROS, Teresa Leit\u00e3o de. <em>Escritoras de Portugal<\/em> \u2013 <em>G\u00e9nio Feminino revelado na Literatura Portuguesa<\/em>, vol. II, Lisboa, 1924, pp. 166<\/p>\n<p style=\"font-weight: 400;\">CASTILHO, Ant\u00f3nio Feliciano de, <em>Vivos e Mortos, <\/em>volume I, Lisboa, Empresa da Hist\u00f3ria de Portugal, 1904, p. 41.<\/p>\n<p style=\"font-weight: 400;\">CASTILHO, J\u00falio de, <em>Mem\u00f3rias de Castilho, <\/em>Lisboa, Academia Real das Sciencias, 1881, volume I, p. 213; volume II, p. 219<\/p>\n<p style=\"font-weight: 400;\">COSTA, D. Ant\u00f3nio da, <em>A Mulher em Portugal, <\/em>Lisboa, Typographia da Companhia Editora, 1892.<\/p>\n<p style=\"font-weight: 400;\">FONSECA, Martinho Augusto, \u00a0<em>Subisidios para um Diccionario de Pseudonymos Iniciais e Obras Anonymas de Escriptores Portuguezes<\/em> \u2013 Lisboa: por ordem e na Typographia da Academia real das Sciencias, 1896, p. 9<\/p>\n<p style=\"font-weight: 400;\">SILVA, Innoc\u00eancio Francisco da, <em>Diccion\u00e1rio Bibliographico Portuguez<\/em>, Lisboa, Imprensa Nacional, 1858, volume VI, p. 146<\/p>\n<p style=\"font-weight: 400;\">SILVA, Jos\u00e9 Maria da Costa, <em>Poesias, <\/em>Lisboa, Typ. Ant\u00f3nio Jos\u00e9 da Rocha, 1844, volume II, p. XI.<\/p>\n<p>&nbsp;<\/p>\n<p style=\"font-weight: 400;\"><strong>COMMENTS<\/strong><\/p>\n<p style=\"font-weight: 400;\">Teresa Leit\u00e3o de BARROS transcreve ainda um soneto in\u00e9dito da autora, encontrado no esp\u00f3lio de Franc\u00edlia.<\/p>\n<p style=\"font-weight: 400;\">C\u00d3DICE 11232 \u2013 \u201cBella Armania\u201d (apesar de vir indicado outro nome, Joaquina de Vilhena Coutinho\u201d)<\/p>\n<p style=\"font-weight: 400;\">","protected":false},"excerpt":{"rendered":"<p>NOME Mariana Ant\u00f3nia Pimentel Maldonado PSEUD\u00d3NIMO(S) Armania \u00a0 Elementos biogr\u00e1ficos PAI Bernardo Lopes Pereira Maldonado, Desembargador M\u00c3E Brites Clara Pimentel LOCAL DE NASCIMENTO Lisboa DATA DE NASCIMENTO 12 de Dezembro de 1771 DATA DA MORTE Lisboa, 15 de Maio de 1855 ESTADO Solteira \u00a0\u00a0\u00a0 Obra OBRAS IMPRESSAS Soneto \u201cChegou em fim o dia suspirado\u201d, in &#8230; <a title=\"Mariana Ant\u00f3nia Pimentel Maldonado\" class=\"read-more\" href=\"http:\/\/escritoras-em-portugues.com\/en\/xviii\/mariana-antonia-pimentel-maldonado\/\" aria-label=\"Read more about Mariana Ant\u00f3nia Pimentel Maldonado\">Read more<\/a><\/p>","protected":false},"author":3,"featured_media":0,"parent":46,"menu_order":0,"comment_status":"closed","ping_status":"closed","template":"","meta":{"cybocfi_hide_featured_image":"","footnotes":""},"class_list":["post-1148","page","type-page","status-publish"],"_links":{"self":[{"href":"http:\/\/escritoras-em-portugues.com\/en\/wp-json\/wp\/v2\/pages\/1148","targetHints":{"allow":["GET"]}}],"collection":[{"href":"http:\/\/escritoras-em-portugues.com\/en\/wp-json\/wp\/v2\/pages"}],"about":[{"href":"http:\/\/escritoras-em-portugues.com\/en\/wp-json\/wp\/v2\/types\/page"}],"author":[{"embeddable":true,"href":"http:\/\/escritoras-em-portugues.com\/en\/wp-json\/wp\/v2\/users\/3"}],"replies":[{"embeddable":true,"href":"http:\/\/escritoras-em-portugues.com\/en\/wp-json\/wp\/v2\/comments?post=1148"}],"version-history":[{"count":4,"href":"http:\/\/escritoras-em-portugues.com\/en\/wp-json\/wp\/v2\/pages\/1148\/revisions"}],"predecessor-version":[{"id":1855,"href":"http:\/\/escritoras-em-portugues.com\/en\/wp-json\/wp\/v2\/pages\/1148\/revisions\/1855"}],"up":[{"embeddable":true,"href":"http:\/\/escritoras-em-portugues.com\/en\/wp-json\/wp\/v2\/pages\/46"}],"wp:attachment":[{"href":"http:\/\/escritoras-em-portugues.com\/en\/wp-json\/wp\/v2\/media?parent=1148"}],"curies":[{"name":"wp","href":"https:\/\/api.w.org\/{rel}","templated":true}]}}