{"id":1086,"date":"2023-11-13T07:43:52","date_gmt":"2023-11-13T07:43:52","guid":{"rendered":"https:\/\/escritoras-em-portugues.com\/?page_id=1086"},"modified":"2024-06-04T21:54:56","modified_gmt":"2024-06-04T21:54:56","slug":"mariana-de-luna","status":"publish","type":"page","link":"http:\/\/escritoras-em-portugues.com\/en\/xvii\/mariana-de-luna\/","title":{"rendered":"Mariana de Luna"},"content":{"rendered":"<p><strong>NAME <\/strong><span lang=\"PT\">Mariana de Luna<\/span><\/p>\n<h4><strong>Biographical Elements<\/strong><\/h4>\n<p><strong>FATHER <\/strong>Lente da Universidade de Coimbra (?)<\/p>\n<p><strong>BIRTHPLACE<\/strong> Coimbra<\/p>\n<p><strong>DATE OF BIRTH<\/strong>\u00a0 XVII century<\/p>\n<p><strong>DATE OF DEATH<\/strong>\u00a0 XVII century<\/p>\n<div><span lang=\"PT\"><strong>COUNTRY OF BIRTH<\/strong>\u00a0\u00a0<\/span><span lang=\"PT\">Monarquia Dual<\/span><\/div>\n<div><\/div>\n<div><strong>LANGUAGES<\/strong> Portugu\u00eas, Castelhano<\/div>\n<div><\/div>\n<div><strong>MARITAL STATUS<\/strong> Married<\/div>\n<div><\/div>\n<div><strong>SPOUSE<\/strong> \u00a0Diogo Soares, ministro em Madrid em 1632 (?)<\/div>\n<div><\/div>\n<h4><strong>WORKS<\/strong><\/h4>\n<p><strong>PRINTED WORKS<\/strong><\/p>\n<blockquote>\n<p style=\"font-weight: 400;\"><a href=\"https:\/\/purl.pt\/21911\/1\/index.html#\/1\/html\"><em>Ramilhete de Flores \u00e0 felicidade deste Reino na sua milagrosa restaura\u00e7\u00e3o por sua Magestade D. Jo\u00e3o IV de nome, e XVIII em numero dos verdadeiros reis portugueses<\/em>, Lisboa, por Domingos Lopes Rosa, 1642.<\/a><\/p>\n<\/blockquote>\n<h4><strong>Bibliography<\/strong><\/h4>\n<p style=\"font-weight: 400;\">ANAST\u00c1CIO, Vanda, \u00abMulheres e bibliografia material: O <em>Ramalhete de Flores<\/em> de D. Mariana de Luna\u00bb <em>eHumanista\u00a0<\/em><a href=\"http:\/\/www.ehumanista.ucsb.edu\/volumes\/volume_22\/index.shtml\">http:\/\/www.ehumanista.ucsb.edu\/volumes\/volume_22\/index.shtml<\/a><\/p>\n<p style=\"font-weight: 400;\">ANAST\u00c1CIO, Vanda, \u00abLengua, naci\u00f3n e identidad : reflexiones sobre los usos del portugu\u00e9s y del castellano en el siglo XVII \u00bb in. : Angel Marcos de Dios (ed.), <em>Aula Bilingue II. Usos del castellano y competencias plurilingues en el sistema interliterario peninsular, <\/em>Salamanca, Luso-Espa\u00f1ola de Ediciones, 2012, pp.<\/p>\n<p style=\"font-weight: 400;\">ANAST\u00c1CIO, Vanda, <em>Uma Antologia Improv\u00e1vel? A escrita das mulheres (1495-1830), <\/em>com a colabora\u00e7\u00e3o In\u00eas de Ornellas e Castro, Jos\u00e9 F\u00e9lix Duque, de Pedro Sena Lino, Isabel Moruj\u00e3o e Hugo Neto, Lisboa, Rel\u00f3gio de \u00c1gua, 2013, pp. 520-525.<\/p>\n<p style=\"font-weight: 400;\">BARROS, Theresa Leit\u00e3o de, <em>Escritoras de Portugal. G\u00e9nio feminino revelado&#8230;, <\/em>\u00a0Lisboa, Typographia de Antonio B. Antunes, 1924, volume I, p. 241.<\/p>\n<p><a href=\"https:\/\/www.snh2019.anpuh.org\/resources\/anais\/8\/1564777531_ARQUIVO_ArtigoLigiaBellini_SimposioNacionalANPUH.pdf\">BELLINI, L\u00edgia &#8220;A Hist\u00f3ria nas Margens: Historiografia produzida por Mulheres no Portugal Seiscentista&#8221; ANPUH, 30\u00ba Simp\u00f3sio Nacional de Hist\u00f3ria, Recife, 2019, pp. 2-15.<\/a><\/p>\n<p style=\"font-weight: 400;\">BRITO, Jo\u00e3o Soares de <em>Theatr. Lusit. Litter. <\/em>Letra M, n\u00ba5<\/p>\n<p style=\"font-weight: 400;\">C\u00c9U, Violante do, Soror\u00a0 \u201cMusas, que no jardim do Rei do dia\u201d\u00a0 <em>Rimas <\/em>p. 14 (cf. <em>F\u00e9nis Renascida<\/em>)<\/p>\n<p style=\"font-weight: 400;\">COUTO, Anabela Galhardo, \u201cRedes femininas e circula\u00e7\u00e3o de textos na produ\u00e7\u00e3o liter\u00e1ria do per\u00edodo barroco\u201d in.: Dimitri ALMEIDA, Vanda ANAST\u00c1CIO, Maria Dolores MARTOS P\u00c9REZ (eds.) <em>Mulheres em Rede \/Mujeres em red. Converg\u00eancias lus\u00f3fonas<\/em>, Berlim, LIT Verlag, 2018, pp. 193-215.<\/p>\n<p style=\"font-weight: 400;\">CIFUENTES, Pedro<\/p>\n<p>GARCIA PERES, Domingos, <em>Catalogo razonado biografico e bibliografico de los autores portugueses que escribieron en castellano<\/em>, Madrid, Imprenta del Colegio Nacional de Sordo-modos y de ciegos, 1890, p. 335.<\/p>\n<p style=\"font-weight: 400;\">MACHADO, Diogo Barbosa, <em>Bibliotheca Luzitana: hist\u00f3rica, cr\u00edtica e cronologica. <\/em>Lisboa Occidental, na Officina de Antonio Isidoro da Fonseca, 1741-1759, volume III, pp. 431-432.<\/p>\n<p><em>Memorias de litteratura portugueza<\/em>, da <em>Academia Real de Sciencias de Lisboa<\/em>, de 1792, Tomo VII, p. 106.<\/p>\n<p style=\"font-weight: 400;\">PERYM, Dami\u00e3o de Froes, <em>Theatro Heroino, abecedario historico, e catalogo das mulheres ilustres em armas, letras ac\u00e7oens heroicas e artes liberais\u2026 <\/em>Lisboa Occidental, na Officina de Musica de Theotonis Antunes Lima, 1736-1740,Volume II, p. 276.<\/p>\n<p style=\"font-weight: 400;\">REM\u00c9DIOS, Mendes dos,\u00a0 <em>Escritoras doutros Tempos. Extractos das obras de Violante do C\u00e9u, Maria do C\u00e9u e Madalena da Gl\u00f3ria, <\/em>Coimbra, Fran\u00e7a Amado Editor 1914, VIII<\/p>\n<p style=\"font-weight: 400;\">Rector, M\u00f3nica, <em>Mulher objecto e sujeito da literatura Portuguesa<\/em>, Porto, Universidade Fernando Pessoa &#8211; Funda\u00e7\u00e3o Fernando Pessoa, 1999, p. 120<\/p>\n<p style=\"font-weight: 400;\"><a href=\"https:\/\/dspace.uevora.pt\/rdpc\/bitstream\/10174\/8643\/1\/06_artigo_fabio_mario_da_silva_ana_luisa_vilela.pdf\">SILVA, Fabio Mario da, Ana Lu\u00edsa VILELA &#8220;Duas escritoras ib\u00e9ricas do s\u00e9culo XVII: Bernarda Ferreira de Lacerda e Mariana de Luna&#8221;<\/a><\/p>\n<p style=\"font-weight: 400;\">SILVA, Innoc\u00eancio Francisco da, <em>Diccion\u00e1rio Bibliographico Portuguez<\/em>, Lisboa, Imprensa Nacional, 1858, Tomo VI, p.146; \u00a0XVI p. 366,<\/p>\n<p style=\"font-weight: 400;\">","protected":false},"excerpt":{"rendered":"<p>NOME Mariana de Luna Elementos biogr\u00e1ficos PAI Lente da Universidade de Coimbra (?) LOCAL DE NASCIMENTO Coimbra DATA DE NASCIMENTO\u00a0 S\u00e9culo XVII DATA DA MORTE\u00a0 S\u00e9culo XVII PA\u00cdS ONDE NASCEU\u00a0\u00a0Monarquia Dual IDIOMAS Portugu\u00eas, Castelhano ESTADO Casada C\u00d4NJUGE \u00a0Diogo Soares, ministro em Madrid em 1632 (?) Obra OBRAS IMPRESSAS Ramilhete de Flores \u00e0 felicidade deste Reino &#8230; <a title=\"Mariana de Luna\" class=\"read-more\" href=\"http:\/\/escritoras-em-portugues.com\/en\/xvii\/mariana-de-luna\/\" aria-label=\"Read more about Mariana de Luna\">Read more<\/a><\/p>","protected":false},"author":3,"featured_media":0,"parent":47,"menu_order":0,"comment_status":"closed","ping_status":"closed","template":"","meta":{"cybocfi_hide_featured_image":"","footnotes":""},"class_list":["post-1086","page","type-page","status-publish"],"_links":{"self":[{"href":"http:\/\/escritoras-em-portugues.com\/en\/wp-json\/wp\/v2\/pages\/1086","targetHints":{"allow":["GET"]}}],"collection":[{"href":"http:\/\/escritoras-em-portugues.com\/en\/wp-json\/wp\/v2\/pages"}],"about":[{"href":"http:\/\/escritoras-em-portugues.com\/en\/wp-json\/wp\/v2\/types\/page"}],"author":[{"embeddable":true,"href":"http:\/\/escritoras-em-portugues.com\/en\/wp-json\/wp\/v2\/users\/3"}],"replies":[{"embeddable":true,"href":"http:\/\/escritoras-em-portugues.com\/en\/wp-json\/wp\/v2\/comments?post=1086"}],"version-history":[{"count":5,"href":"http:\/\/escritoras-em-portugues.com\/en\/wp-json\/wp\/v2\/pages\/1086\/revisions"}],"predecessor-version":[{"id":1809,"href":"http:\/\/escritoras-em-portugues.com\/en\/wp-json\/wp\/v2\/pages\/1086\/revisions\/1809"}],"up":[{"embeddable":true,"href":"http:\/\/escritoras-em-portugues.com\/en\/wp-json\/wp\/v2\/pages\/47"}],"wp:attachment":[{"href":"http:\/\/escritoras-em-portugues.com\/en\/wp-json\/wp\/v2\/media?parent=1086"}],"curies":[{"name":"wp","href":"https:\/\/api.w.org\/{rel}","templated":true}]}}